{"id":3171,"date":"2021-08-13T12:56:33","date_gmt":"2021-08-13T10:56:33","guid":{"rendered":"https:\/\/upi.fme.vutbr.cz\/main\/"},"modified":"2022-01-18T09:50:50","modified_gmt":"2022-01-18T08:50:50","slug":"main","status":"publish","type":"page","link":"https:\/\/upi.fme.vutbr.cz\/en\/","title":{"rendered":"Hlavn\u00ed str\u00e1nka"},"content":{"rendered":"\n\n\t\t<h1>\n\t\t\tPROCESS ENGINEERING\n\t\t<\/h1>\n\t\t<h2>\n\t\t\tPROFESSION<br \/>FOR LIFE\n\t\t<\/h2>\n\t\t\t\t\t\t\t\t\t<a href=\"https:\/\/upi.fme.vutbr.cz\/en\/education-old\/\" target=\"_self\" itemprop=\"url\" rel=\"noopener noreferrer\">\n\t\t\t\t\t\t\t\t\t\t<img decoding=\"async\" src=\"https:\/\/upi.fme.vutbr.cz\/wp-content\/uploads\/2019\/04\/icon-people-light.png\" alt=\"icon-people-light\" itemprop=\"image\"  \/>\n\t\t\t\t\t\t\t\t\t\t\t\t\t\t\t<\/a>\n<h2>\n\t\t<a href=\"https:\/\/upi.fme.vutbr.cz\/en\/education-old\/\" title=\"EDUCATION\" target=\"_self\" rel=\"noopener noreferrer\">\n\t\tEDUCATION\n\t\t<\/a>\n\t<\/h2>\n\t\t\t<a href=\"https:\/\/upi.fme.vutbr.cz\/en\/education-old\/\" target=\"_self\" role=\"button\" rel=\"noopener noreferrer\">\n\t\t\t\t\t\t\tVIEW MORE\n\t\t\t\t\t<\/a>\n\t\t\t\t\t\t\t\t\t<a href=\"https:\/\/upi.fme.vutbr.cz\/en\/activities\/\" target=\"_self\" itemprop=\"url\" rel=\"noopener noreferrer\">\n\t\t\t\t\t\t\t\t\t\t<img decoding=\"async\" src=\"https:\/\/upi.fme.vutbr.cz\/wp-content\/uploads\/2019\/04\/icon-arrows-light.png\" alt=\"icon-arrows-light\" itemprop=\"image\"  \/>\n\t\t\t\t\t\t\t\t\t\t\t\t\t\t\t<\/a>\n<h2>\n\t\t<a href=\"https:\/\/upi.fme.vutbr.cz\/en\/activities\/\" title=\"ACTIVITIES\" target=\"_self\" rel=\"noopener noreferrer\">\n\t\tACTIVITIES\n\t\t<\/a>\n\t<\/h2>\n\t\t\t<a href=\"https:\/\/upi.fme.vutbr.cz\/en\/activities\/\" target=\"_self\" role=\"button\" rel=\"noopener noreferrer\">\n\t\t\t\t\t\t\tVIEW MORE\n\t\t\t\t\t<\/a>\n\t\t\t\t\t\t\t\t\t<a href=\"https:\/\/upi.fme.vutbr.cz\/en\/research\/\" target=\"_self\" itemprop=\"url\" rel=\"noopener noreferrer\">\n\t\t\t\t\t\t\t\t\t\t<img decoding=\"async\" src=\"https:\/\/upi.fme.vutbr.cz\/wp-content\/uploads\/2019\/04\/icon-student-hat-light.png\" alt=\"icon-student-hat-light\" itemprop=\"image\"  \/>\n\t\t\t\t\t\t\t\t\t\t\t\t\t\t\t<\/a>\n<h2>\n\t\t<a href=\"https:\/\/upi.fme.vutbr.cz\/en\/research\/\" title=\"RESEARCH\" target=\"_self\" rel=\"noopener noreferrer\">\n\t\tRESEARCH\n\t\t<\/a>\n\t<\/h2>\n\t\t\t<a href=\"https:\/\/upi.fme.vutbr.cz\/en\/research\/\" target=\"_self\" role=\"button\" rel=\"noopener noreferrer\">\n\t\t\t\t\t\t\tVIEW MORE\n\t\t\t\t\t<\/a>\n\n","protected":false},"excerpt":{"rendered":"<p>PROCESS ENGINEERING PROFESSIONFOR LIFE EDUCATION VIEW MORE ACTIVITIES VIEW MORE RESEARCH VIEW MORE<\/p>\n","protected":false},"author":23,"featured_media":0,"parent":0,"menu_order":0,"comment_status":"closed","ping_status":"closed","template":"","meta":{"_acf_changed":false,"footnotes":""},"class_list":["post-3171","page","type-page","status-publish","hentry"],"acf":[],"yoast_head":"<!-- This site is optimized with the Yoast SEO plugin v24.5 - https:\/\/yoast.com\/wordpress\/plugins\/seo\/ -->\n<title>Procesn\u00ed in\u017een\u00fdrstv\u00ed | \u00dastav procesn\u00edho in\u017een\u00fdrstv\u00ed, FSI VUT v Brn\u011b<\/title>\n<meta name=\"description\" content=\"Procesn\u00ed in\u017een\u00fdrstv\u00ed je obor, o kter\u00e9m podle n\u00e1zvu mo\u017en\u00e1 mnoho nev\u00edte, ale kter\u00fd v\u00fdrazn\u011b ovliv\u0148uje v\u00e1\u0161 \u017eivot. M\u016f\u017ee jej ovlivnit i z hlediska profesion\u00e1ln\u00edho.\" \/>\n<meta name=\"robots\" content=\"index, follow, max-snippet:-1, max-image-preview:large, max-video-preview:-1\" \/>\n<link rel=\"canonical\" href=\"https:\/\/upi.fme.vutbr.cz\/en\/\" \/>\n<meta property=\"og:locale\" content=\"en_US\" \/>\n<meta property=\"og:type\" content=\"article\" \/>\n<meta property=\"og:title\" content=\"Procesn\u00ed in\u017een\u00fdrstv\u00ed | \u00dastav procesn\u00edho in\u017een\u00fdrstv\u00ed, FSI VUT v Brn\u011b\" \/>\n<meta property=\"og:description\" content=\"Procesn\u00ed in\u017een\u00fdrstv\u00ed je obor, o kter\u00e9m podle n\u00e1zvu mo\u017en\u00e1 mnoho nev\u00edte, ale kter\u00fd v\u00fdrazn\u011b ovliv\u0148uje v\u00e1\u0161 \u017eivot. M\u016f\u017ee jej ovlivnit i z hlediska profesion\u00e1ln\u00edho.\" \/>\n<meta property=\"og:url\" content=\"https:\/\/upi.fme.vutbr.cz\/en\/\" \/>\n<meta property=\"og:site_name\" content=\"\u00dastav procesn\u00edho in\u017een\u00fdrstv\u00ed\" \/>\n<meta property=\"article:modified_time\" content=\"2022-01-18T08:50:50+00:00\" \/>\n<meta property=\"og:image\" content=\"https:\/\/upi.fme.vutbr.cz\/wp-content\/uploads\/2019\/04\/icon-people-light.png\" \/>\n<meta name=\"twitter:card\" content=\"summary_large_image\" \/>\n<script type=\"application\/ld+json\" class=\"yoast-schema-graph\">{\"@context\":\"https:\/\/schema.org\",\"@graph\":[{\"@type\":\"WebPage\",\"@id\":\"https:\/\/upi.fme.vutbr.cz\/en\/\",\"url\":\"https:\/\/upi.fme.vutbr.cz\/en\/\",\"name\":\"Procesn\u00ed in\u017een\u00fdrstv\u00ed | \u00dastav procesn\u00edho in\u017een\u00fdrstv\u00ed, FSI VUT v Brn\u011b\",\"isPartOf\":{\"@id\":\"https:\/\/upi.fme.vutbr.cz\/en\/#website\"},\"primaryImageOfPage\":{\"@id\":\"https:\/\/upi.fme.vutbr.cz\/en\/#primaryimage\"},\"image\":{\"@id\":\"https:\/\/upi.fme.vutbr.cz\/en\/#primaryimage\"},\"thumbnailUrl\":\"https:\/\/upi.fme.vutbr.cz\/wp-content\/uploads\/2019\/04\/icon-people-light.png\",\"datePublished\":\"2021-08-13T10:56:33+00:00\",\"dateModified\":\"2022-01-18T08:50:50+00:00\",\"description\":\"Procesn\u00ed in\u017een\u00fdrstv\u00ed je obor, o kter\u00e9m podle n\u00e1zvu mo\u017en\u00e1 mnoho nev\u00edte, ale kter\u00fd v\u00fdrazn\u011b ovliv\u0148uje v\u00e1\u0161 \u017eivot. M\u016f\u017ee jej ovlivnit i z hlediska profesion\u00e1ln\u00edho.\",\"breadcrumb\":{\"@id\":\"https:\/\/upi.fme.vutbr.cz\/en\/#breadcrumb\"},\"inLanguage\":\"en-US\",\"potentialAction\":[{\"@type\":\"ReadAction\",\"target\":[\"https:\/\/upi.fme.vutbr.cz\/en\/\"]}]},{\"@type\":\"ImageObject\",\"inLanguage\":\"en-US\",\"@id\":\"https:\/\/upi.fme.vutbr.cz\/en\/#primaryimage\",\"url\":\"https:\/\/upi.fme.vutbr.cz\/wp-content\/uploads\/2019\/04\/icon-people-light.png\",\"contentUrl\":\"https:\/\/upi.fme.vutbr.cz\/wp-content\/uploads\/2019\/04\/icon-people-light.png\"},{\"@type\":\"BreadcrumbList\",\"@id\":\"https:\/\/upi.fme.vutbr.cz\/en\/#breadcrumb\",\"itemListElement\":[{\"@type\":\"ListItem\",\"position\":1,\"name\":\"Home\",\"item\":\"https:\/\/upi.fme.vutbr.cz\/en\/\"},{\"@type\":\"ListItem\",\"position\":2,\"name\":\"Hlavn\u00ed str\u00e1nka\"}]},{\"@type\":\"WebSite\",\"@id\":\"https:\/\/upi.fme.vutbr.cz\/en\/#website\",\"url\":\"https:\/\/upi.fme.vutbr.cz\/en\/\",\"name\":\"\u00dastav procesn\u00edho in\u017een\u00fdrstv\u00ed\",\"description\":\"\u00dastav procesn\u00edho in\u017een\u00fdrstv\u00ed\",\"potentialAction\":[{\"@type\":\"SearchAction\",\"target\":{\"@type\":\"EntryPoint\",\"urlTemplate\":\"https:\/\/upi.fme.vutbr.cz\/en\/?s={search_term_string}\"},\"query-input\":{\"@type\":\"PropertyValueSpecification\",\"valueRequired\":true,\"valueName\":\"search_term_string\"}}],\"inLanguage\":\"en-US\"}]}<\/script>\n<!-- \/ Yoast SEO plugin. -->","yoast_head_json":{"title":"Procesn\u00ed in\u017een\u00fdrstv\u00ed | \u00dastav procesn\u00edho in\u017een\u00fdrstv\u00ed, FSI VUT v Brn\u011b","description":"Procesn\u00ed in\u017een\u00fdrstv\u00ed je obor, o kter\u00e9m podle n\u00e1zvu mo\u017en\u00e1 mnoho nev\u00edte, ale kter\u00fd v\u00fdrazn\u011b ovliv\u0148uje v\u00e1\u0161 \u017eivot. M\u016f\u017ee jej ovlivnit i z hlediska profesion\u00e1ln\u00edho.","robots":{"index":"index","follow":"follow","max-snippet":"max-snippet:-1","max-image-preview":"max-image-preview:large","max-video-preview":"max-video-preview:-1"},"canonical":"https:\/\/upi.fme.vutbr.cz\/en\/","og_locale":"en_US","og_type":"article","og_title":"Procesn\u00ed in\u017een\u00fdrstv\u00ed | \u00dastav procesn\u00edho in\u017een\u00fdrstv\u00ed, FSI VUT v Brn\u011b","og_description":"Procesn\u00ed in\u017een\u00fdrstv\u00ed je obor, o kter\u00e9m podle n\u00e1zvu mo\u017en\u00e1 mnoho nev\u00edte, ale kter\u00fd v\u00fdrazn\u011b ovliv\u0148uje v\u00e1\u0161 \u017eivot. M\u016f\u017ee jej ovlivnit i z hlediska profesion\u00e1ln\u00edho.","og_url":"https:\/\/upi.fme.vutbr.cz\/en\/","og_site_name":"\u00dastav procesn\u00edho in\u017een\u00fdrstv\u00ed","article_modified_time":"2022-01-18T08:50:50+00:00","og_image":[{"url":"https:\/\/upi.fme.vutbr.cz\/wp-content\/uploads\/2019\/04\/icon-people-light.png","type":"","width":"","height":""}],"twitter_card":"summary_large_image","schema":{"@context":"https:\/\/schema.org","@graph":[{"@type":"WebPage","@id":"https:\/\/upi.fme.vutbr.cz\/en\/","url":"https:\/\/upi.fme.vutbr.cz\/en\/","name":"Procesn\u00ed in\u017een\u00fdrstv\u00ed | \u00dastav procesn\u00edho in\u017een\u00fdrstv\u00ed, FSI VUT v Brn\u011b","isPartOf":{"@id":"https:\/\/upi.fme.vutbr.cz\/en\/#website"},"primaryImageOfPage":{"@id":"https:\/\/upi.fme.vutbr.cz\/en\/#primaryimage"},"image":{"@id":"https:\/\/upi.fme.vutbr.cz\/en\/#primaryimage"},"thumbnailUrl":"https:\/\/upi.fme.vutbr.cz\/wp-content\/uploads\/2019\/04\/icon-people-light.png","datePublished":"2021-08-13T10:56:33+00:00","dateModified":"2022-01-18T08:50:50+00:00","description":"Procesn\u00ed in\u017een\u00fdrstv\u00ed je obor, o kter\u00e9m podle n\u00e1zvu mo\u017en\u00e1 mnoho nev\u00edte, ale kter\u00fd v\u00fdrazn\u011b ovliv\u0148uje v\u00e1\u0161 \u017eivot. M\u016f\u017ee jej ovlivnit i z hlediska profesion\u00e1ln\u00edho.","breadcrumb":{"@id":"https:\/\/upi.fme.vutbr.cz\/en\/#breadcrumb"},"inLanguage":"en-US","potentialAction":[{"@type":"ReadAction","target":["https:\/\/upi.fme.vutbr.cz\/en\/"]}]},{"@type":"ImageObject","inLanguage":"en-US","@id":"https:\/\/upi.fme.vutbr.cz\/en\/#primaryimage","url":"https:\/\/upi.fme.vutbr.cz\/wp-content\/uploads\/2019\/04\/icon-people-light.png","contentUrl":"https:\/\/upi.fme.vutbr.cz\/wp-content\/uploads\/2019\/04\/icon-people-light.png"},{"@type":"BreadcrumbList","@id":"https:\/\/upi.fme.vutbr.cz\/en\/#breadcrumb","itemListElement":[{"@type":"ListItem","position":1,"name":"Home","item":"https:\/\/upi.fme.vutbr.cz\/en\/"},{"@type":"ListItem","position":2,"name":"Hlavn\u00ed str\u00e1nka"}]},{"@type":"WebSite","@id":"https:\/\/upi.fme.vutbr.cz\/en\/#website","url":"https:\/\/upi.fme.vutbr.cz\/en\/","name":"\u00dastav procesn\u00edho in\u017een\u00fdrstv\u00ed","description":"\u00dastav procesn\u00edho in\u017een\u00fdrstv\u00ed","potentialAction":[{"@type":"SearchAction","target":{"@type":"EntryPoint","urlTemplate":"https:\/\/upi.fme.vutbr.cz\/en\/?s={search_term_string}"},"query-input":{"@type":"PropertyValueSpecification","valueRequired":true,"valueName":"search_term_string"}}],"inLanguage":"en-US"}]}},"_links":{"self":[{"href":"https:\/\/upi.fme.vutbr.cz\/en\/wp-json\/wp\/v2\/pages\/3171","targetHints":{"allow":["GET"]}}],"collection":[{"href":"https:\/\/upi.fme.vutbr.cz\/en\/wp-json\/wp\/v2\/pages"}],"about":[{"href":"https:\/\/upi.fme.vutbr.cz\/en\/wp-json\/wp\/v2\/types\/page"}],"author":[{"embeddable":true,"href":"https:\/\/upi.fme.vutbr.cz\/en\/wp-json\/wp\/v2\/users\/23"}],"replies":[{"embeddable":true,"href":"https:\/\/upi.fme.vutbr.cz\/en\/wp-json\/wp\/v2\/comments?post=3171"}],"version-history":[{"count":6,"href":"https:\/\/upi.fme.vutbr.cz\/en\/wp-json\/wp\/v2\/pages\/3171\/revisions"}],"predecessor-version":[{"id":3245,"href":"https:\/\/upi.fme.vutbr.cz\/en\/wp-json\/wp\/v2\/pages\/3171\/revisions\/3245"}],"wp:attachment":[{"href":"https:\/\/upi.fme.vutbr.cz\/en\/wp-json\/wp\/v2\/media?parent=3171"}],"curies":[{"name":"wp","href":"https:\/\/api.w.org\/{rel}","templated":true}]}}