{"id":1970,"date":"2019-10-22T23:54:23","date_gmt":"2019-10-22T21:54:23","guid":{"rendered":"https:\/\/upi.fme.vutbr.cz\/research\/products-and-software\/"},"modified":"2022-01-31T14:53:47","modified_gmt":"2022-01-31T13:53:47","slug":"products-and-software","status":"publish","type":"page","link":"https:\/\/upi.fme.vutbr.cz\/en\/research\/products-and-software\/","title":{"rendered":"Products and software"},"content":{"rendered":"\n\n\t<span><span><a href=\"https:\/\/upi.fme.vutbr.cz\/en\/\">Home<\/a><\/span><\/span>\n<h1>\n\t\tCONTACTS\n\t<\/h1>\n\t<p>Various types of products and software have been developed at the Institute of Process Engineering. For more information, click at the following\u00a0links:<\/p>\n<h2>Software<\/h2>\n<ul>\n<li><a href=\"https:\/\/upi.fme.vutbr.cz\/veda-vyzkum\/neruda\/\">NERUDA<\/a> &#8211; software for simulation of waste flows in the region as well as in an international context<\/li>\n<li><a href=\"https:\/\/upi.fme.vutbr.cz\/veda-vyzkum\/genner\/\">GENNER<\/a> &#8211; software for simulation of waste flows on a micro-regional territorial level<\/li>\n<li><a href=\"https:\/\/upi.fme.vutbr.cz\/veda-vyzkum\/justine\/\">Justine<\/a>\u00a0&#8211; software for forecasting in waste management<\/li>\n<li><a href=\"https:\/\/upi.fme.vutbr.cz\/veda-vyzkum\/gratecal\/\">GRATECAL<\/a>\u00a0&#8211; software for simulation of solid fuels combustion in stoker-fired\u00a0boiler<\/li>\n<li><a href=\"https:\/\/upi.fme.vutbr.cz\/veda-vyzkum\/dtbfmm\/\">Dense Tube Bundle Flow Modeller<\/a>\u00a0&#8211; a\u00a0software tool for analysis of flow distribution and shape optimization of main distribution system channels in heat exchangers<\/li>\n<li><a href=\"https:\/\/upi.fme.vutbr.cz\/w2e\">W2E\u00a0&#8211; Waste-to-Energy<\/a>\u00a0&#8211; software designed for mass and heat balance in technologies for energy production from waste and biomass<\/li>\n<li><a href=\"https:\/\/upi.fme.vutbr.cz\/veda-vyzkum\/tool-for-investment-project-optimization-and-operation-optimization-with-focus-on-efficient-energy-utilization\/\">Tool for investment project optimization and operation optimization with focus on efficient energy utilization<\/a><\/li>\n<li><a href=\"https:\/\/upi.fme.vutbr.cz\/veda-vyzkum\/clean-ocean-project\/\">Clean Ocean Project<\/a> &#8211; software tool for modelling of technological vessels production and consumption<\/li>\n<\/ul>\n<h2>Patents<\/h2>\n<ul>\n<li><strong>Burner head<\/strong>\u00a0&#8211; the subject is the burner head designed for the combustion of non-standardized gaseous fuels, such as by-products from the chemical and process industries, or gaseous fuels originating from alternative sources<\/li>\n<li><strong>Burner head of injector-type stabilization burner<\/strong>\u00a0&#8211; the subject is the burner head designed for the ignition and the stabilization of the flame of the main\u00a0burner<\/li>\n<li><strong>Gas burner<\/strong>\u00a0&#8211; the subject is the burner, which is designed with the two-staged supply of both fuel and combustion\u00a0air<\/li>\n<\/ul>\n<h2>Utility models<\/h2>\n<ul>\n<li><strong>Dual fuel burner<\/strong>\u00a0&#8211; the subject is the burner designed for the combustion of both gaseous and liquid non-standardized fuels, particularly gaseous fuels with low lower heating value and liquid bio-fuels and liquid waste as by-products originating from the production of bio-fuels<\/li>\n<li><strong>Test ejector with the flow control<\/strong>\u00a0&#8211; the subject is the ejector that allows to regulate its suction effect of the gas from the catalytic oxidation\u00a0unit<\/li>\n<li><strong>Multifunctional pilot unit for the reduction of pollutants from the waste gas<\/strong>\u00a0&#8211; the subject is the unit that is used for testing of the efficiency, the fouling and the pressure loss of various catalysts<\/li>\n<\/ul>\n<h2>Verified technologies<\/h2>\n<ul>\n<li><strong>Sintering kiln<\/strong>\u00a0&#8211; the subject is the line for sintering and annealing of powdered material<\/li>\n<li><strong>Rotary drum dryer<\/strong>\u00a0&#8211; the subject is the line for drying of organic and mineral material<\/li>\n<\/ul>\n<h2>Pilot plants<\/h2>\n<ul>\n<li><strong>Filtration unit for gas cleaning<\/strong>\u00a0&#8211; the subject is the unit designed for the verification of waste gas filtration technologies in process and chemical industries<\/li>\n<\/ul>\n\t\t\t\t\t\t\t\t\t\t<img decoding=\"async\" src=\"https:\/\/upi.fme.vutbr.cz\/wp-content\/uploads\/2019\/10\/logo_vut_fsi_en.png\" alt=\"logo_vut_fsi_en\" itemprop=\"image\"  \/>\n\t\t\t\t\t<ul id=\"menu-vyzkum-sidebar-en\"><li id=\"menu-item-1977\"><a href=\"https:\/\/upi.fme.vutbr.cz\/en\/research\/research-projects\/\">Research projects<\/a><\/li>\n<li id=\"menu-item-1976\"><a href=\"https:\/\/upi.fme.vutbr.cz\/en\/research\/cooperation-with-industry-partners-and-municipal-sphere\/\">Cooperation with industry partners and municipal sphere<\/a><\/li>\n<li id=\"menu-item-1975\"><a href=\"https:\/\/upi.fme.vutbr.cz\/en\/research\/labs-and-experimental-facilities\/\">Labs and experimental facilities<\/a><\/li>\n<li id=\"menu-item-1974\"><a href=\"https:\/\/upi.fme.vutbr.cz\/en\/research\/products-and-software\/\">Products and software<\/a><\/li>\n<\/ul>\t\n\t\t<blockquote cite=\"https:\/\/www.facebook.com\/upibrno\/\"><a href=\"https:\/\/www.facebook.com\/upibrno\/\"><\/a><\/blockquote>\n\n","protected":false},"excerpt":{"rendered":"<p>CONTACTS Various types of products and software have been developed at the Institute of Process Engineering. For more information, click at the following\u00a0links: Software NERUDA &#8211; software for simulation of waste flows in the region as well as in an international context GENNER &#8211; software for simulation of waste flows on a micro-regional territorial level&hellip;<\/p>\n","protected":false},"author":1,"featured_media":0,"parent":1887,"menu_order":0,"comment_status":"closed","ping_status":"closed","template":"","meta":{"_acf_changed":false,"footnotes":""},"class_list":["post-1970","page","type-page","status-publish","hentry"],"acf":[],"yoast_head":"<!-- This site is optimized with the Yoast SEO plugin v24.5 - https:\/\/yoast.com\/wordpress\/plugins\/seo\/ -->\n<title>Products and software - \u00dastav procesn\u00edho in\u017een\u00fdrstv\u00ed<\/title>\n<meta name=\"robots\" content=\"index, follow, max-snippet:-1, max-image-preview:large, max-video-preview:-1\" \/>\n<link rel=\"canonical\" href=\"https:\/\/upi.fme.vutbr.cz\/en\/research\/products-and-software\/\" \/>\n<meta property=\"og:locale\" content=\"en_US\" \/>\n<meta property=\"og:type\" content=\"article\" \/>\n<meta property=\"og:title\" content=\"Products and software - \u00dastav procesn\u00edho in\u017een\u00fdrstv\u00ed\" \/>\n<meta property=\"og:description\" content=\"CONTACTS Various types of products and software have been developed at the Institute of Process Engineering. For more information, click at the following\u00a0links: Software NERUDA &#8211; software for simulation of waste flows in the region as well as in an international context GENNER &#8211; software for simulation of waste flows on a micro-regional territorial level&hellip;\" \/>\n<meta property=\"og:url\" content=\"https:\/\/upi.fme.vutbr.cz\/en\/research\/products-and-software\/\" \/>\n<meta property=\"og:site_name\" content=\"\u00dastav procesn\u00edho in\u017een\u00fdrstv\u00ed\" \/>\n<meta property=\"article:modified_time\" content=\"2022-01-31T13:53:47+00:00\" \/>\n<meta property=\"og:image\" content=\"https:\/\/upi.fme.vutbr.cz\/wp-content\/uploads\/2019\/10\/logo_vut_fsi_en.png\" \/>\n<meta name=\"twitter:card\" content=\"summary_large_image\" \/>\n<meta name=\"twitter:label1\" content=\"Est. reading time\" \/>\n\t<meta name=\"twitter:data1\" content=\"2 minutes\" \/>\n<script type=\"application\/ld+json\" class=\"yoast-schema-graph\">{\"@context\":\"https:\/\/schema.org\",\"@graph\":[{\"@type\":\"WebPage\",\"@id\":\"https:\/\/upi.fme.vutbr.cz\/en\/research\/products-and-software\/\",\"url\":\"https:\/\/upi.fme.vutbr.cz\/en\/research\/products-and-software\/\",\"name\":\"Products and software - \u00dastav procesn\u00edho in\u017een\u00fdrstv\u00ed\",\"isPartOf\":{\"@id\":\"https:\/\/upi.fme.vutbr.cz\/en\/#website\"},\"primaryImageOfPage\":{\"@id\":\"https:\/\/upi.fme.vutbr.cz\/en\/research\/products-and-software\/#primaryimage\"},\"image\":{\"@id\":\"https:\/\/upi.fme.vutbr.cz\/en\/research\/products-and-software\/#primaryimage\"},\"thumbnailUrl\":\"https:\/\/upi.fme.vutbr.cz\/wp-content\/uploads\/2019\/10\/logo_vut_fsi_en.png\",\"datePublished\":\"2019-10-22T21:54:23+00:00\",\"dateModified\":\"2022-01-31T13:53:47+00:00\",\"breadcrumb\":{\"@id\":\"https:\/\/upi.fme.vutbr.cz\/en\/research\/products-and-software\/#breadcrumb\"},\"inLanguage\":\"en-US\",\"potentialAction\":[{\"@type\":\"ReadAction\",\"target\":[\"https:\/\/upi.fme.vutbr.cz\/en\/research\/products-and-software\/\"]}]},{\"@type\":\"ImageObject\",\"inLanguage\":\"en-US\",\"@id\":\"https:\/\/upi.fme.vutbr.cz\/en\/research\/products-and-software\/#primaryimage\",\"url\":\"https:\/\/upi.fme.vutbr.cz\/wp-content\/uploads\/2019\/10\/logo_vut_fsi_en.png\",\"contentUrl\":\"https:\/\/upi.fme.vutbr.cz\/wp-content\/uploads\/2019\/10\/logo_vut_fsi_en.png\"},{\"@type\":\"BreadcrumbList\",\"@id\":\"https:\/\/upi.fme.vutbr.cz\/en\/research\/products-and-software\/#breadcrumb\",\"itemListElement\":[{\"@type\":\"ListItem\",\"position\":1,\"name\":\"Home\",\"item\":\"https:\/\/upi.fme.vutbr.cz\/en\/\"},{\"@type\":\"ListItem\",\"position\":2,\"name\":\"Research\",\"item\":\"https:\/\/upi.fme.vutbr.cz\/en\/veda-vyzkum\/\"},{\"@type\":\"ListItem\",\"position\":3,\"name\":\"Products and software\"}]},{\"@type\":\"WebSite\",\"@id\":\"https:\/\/upi.fme.vutbr.cz\/en\/#website\",\"url\":\"https:\/\/upi.fme.vutbr.cz\/en\/\",\"name\":\"\u00dastav procesn\u00edho in\u017een\u00fdrstv\u00ed\",\"description\":\"\u00dastav procesn\u00edho in\u017een\u00fdrstv\u00ed\",\"potentialAction\":[{\"@type\":\"SearchAction\",\"target\":{\"@type\":\"EntryPoint\",\"urlTemplate\":\"https:\/\/upi.fme.vutbr.cz\/en\/?s={search_term_string}\"},\"query-input\":{\"@type\":\"PropertyValueSpecification\",\"valueRequired\":true,\"valueName\":\"search_term_string\"}}],\"inLanguage\":\"en-US\"}]}<\/script>\n<!-- \/ Yoast SEO plugin. -->","yoast_head_json":{"title":"Products and software - \u00dastav procesn\u00edho in\u017een\u00fdrstv\u00ed","robots":{"index":"index","follow":"follow","max-snippet":"max-snippet:-1","max-image-preview":"max-image-preview:large","max-video-preview":"max-video-preview:-1"},"canonical":"https:\/\/upi.fme.vutbr.cz\/en\/research\/products-and-software\/","og_locale":"en_US","og_type":"article","og_title":"Products and software - \u00dastav procesn\u00edho in\u017een\u00fdrstv\u00ed","og_description":"CONTACTS Various types of products and software have been developed at the Institute of Process Engineering. For more information, click at the following\u00a0links: Software NERUDA &#8211; software for simulation of waste flows in the region as well as in an international context GENNER &#8211; software for simulation of waste flows on a micro-regional territorial level&hellip;","og_url":"https:\/\/upi.fme.vutbr.cz\/en\/research\/products-and-software\/","og_site_name":"\u00dastav procesn\u00edho in\u017een\u00fdrstv\u00ed","article_modified_time":"2022-01-31T13:53:47+00:00","og_image":[{"url":"https:\/\/upi.fme.vutbr.cz\/wp-content\/uploads\/2019\/10\/logo_vut_fsi_en.png","type":"","width":"","height":""}],"twitter_card":"summary_large_image","twitter_misc":{"Est. reading time":"2 minutes"},"schema":{"@context":"https:\/\/schema.org","@graph":[{"@type":"WebPage","@id":"https:\/\/upi.fme.vutbr.cz\/en\/research\/products-and-software\/","url":"https:\/\/upi.fme.vutbr.cz\/en\/research\/products-and-software\/","name":"Products and software - \u00dastav procesn\u00edho in\u017een\u00fdrstv\u00ed","isPartOf":{"@id":"https:\/\/upi.fme.vutbr.cz\/en\/#website"},"primaryImageOfPage":{"@id":"https:\/\/upi.fme.vutbr.cz\/en\/research\/products-and-software\/#primaryimage"},"image":{"@id":"https:\/\/upi.fme.vutbr.cz\/en\/research\/products-and-software\/#primaryimage"},"thumbnailUrl":"https:\/\/upi.fme.vutbr.cz\/wp-content\/uploads\/2019\/10\/logo_vut_fsi_en.png","datePublished":"2019-10-22T21:54:23+00:00","dateModified":"2022-01-31T13:53:47+00:00","breadcrumb":{"@id":"https:\/\/upi.fme.vutbr.cz\/en\/research\/products-and-software\/#breadcrumb"},"inLanguage":"en-US","potentialAction":[{"@type":"ReadAction","target":["https:\/\/upi.fme.vutbr.cz\/en\/research\/products-and-software\/"]}]},{"@type":"ImageObject","inLanguage":"en-US","@id":"https:\/\/upi.fme.vutbr.cz\/en\/research\/products-and-software\/#primaryimage","url":"https:\/\/upi.fme.vutbr.cz\/wp-content\/uploads\/2019\/10\/logo_vut_fsi_en.png","contentUrl":"https:\/\/upi.fme.vutbr.cz\/wp-content\/uploads\/2019\/10\/logo_vut_fsi_en.png"},{"@type":"BreadcrumbList","@id":"https:\/\/upi.fme.vutbr.cz\/en\/research\/products-and-software\/#breadcrumb","itemListElement":[{"@type":"ListItem","position":1,"name":"Home","item":"https:\/\/upi.fme.vutbr.cz\/en\/"},{"@type":"ListItem","position":2,"name":"Research","item":"https:\/\/upi.fme.vutbr.cz\/en\/veda-vyzkum\/"},{"@type":"ListItem","position":3,"name":"Products and software"}]},{"@type":"WebSite","@id":"https:\/\/upi.fme.vutbr.cz\/en\/#website","url":"https:\/\/upi.fme.vutbr.cz\/en\/","name":"\u00dastav procesn\u00edho in\u017een\u00fdrstv\u00ed","description":"\u00dastav procesn\u00edho in\u017een\u00fdrstv\u00ed","potentialAction":[{"@type":"SearchAction","target":{"@type":"EntryPoint","urlTemplate":"https:\/\/upi.fme.vutbr.cz\/en\/?s={search_term_string}"},"query-input":{"@type":"PropertyValueSpecification","valueRequired":true,"valueName":"search_term_string"}}],"inLanguage":"en-US"}]}},"_links":{"self":[{"href":"https:\/\/upi.fme.vutbr.cz\/en\/wp-json\/wp\/v2\/pages\/1970","targetHints":{"allow":["GET"]}}],"collection":[{"href":"https:\/\/upi.fme.vutbr.cz\/en\/wp-json\/wp\/v2\/pages"}],"about":[{"href":"https:\/\/upi.fme.vutbr.cz\/en\/wp-json\/wp\/v2\/types\/page"}],"author":[{"embeddable":true,"href":"https:\/\/upi.fme.vutbr.cz\/en\/wp-json\/wp\/v2\/users\/1"}],"replies":[{"embeddable":true,"href":"https:\/\/upi.fme.vutbr.cz\/en\/wp-json\/wp\/v2\/comments?post=1970"}],"version-history":[{"count":3,"href":"https:\/\/upi.fme.vutbr.cz\/en\/wp-json\/wp\/v2\/pages\/1970\/revisions"}],"predecessor-version":[{"id":3306,"href":"https:\/\/upi.fme.vutbr.cz\/en\/wp-json\/wp\/v2\/pages\/1970\/revisions\/3306"}],"up":[{"embeddable":true,"href":"https:\/\/upi.fme.vutbr.cz\/en\/wp-json\/wp\/v2\/pages\/1887"}],"wp:attachment":[{"href":"https:\/\/upi.fme.vutbr.cz\/en\/wp-json\/wp\/v2\/media?parent=1970"}],"curies":[{"name":"wp","href":"https:\/\/api.w.org\/{rel}","templated":true}]}}