{"id":1897,"date":"2019-10-22T16:08:15","date_gmt":"2019-10-22T14:08:15","guid":{"rendered":"https:\/\/upi.fme.vutbr.cz\/research\/cooperation-with-industry-partners-and-municipal-sphere\/"},"modified":"2022-01-31T14:54:19","modified_gmt":"2022-01-31T13:54:19","slug":"cooperation-with-industry-partners-and-municipal-sphere","status":"publish","type":"page","link":"https:\/\/upi.fme.vutbr.cz\/en\/research\/cooperation-with-industry-partners-and-municipal-sphere\/","title":{"rendered":"Cooperation with industry partners and municipal sphere"},"content":{"rendered":"\n\n\t<span><span><a href=\"https:\/\/upi.fme.vutbr.cz\/en\/\">Home<\/a><\/span><\/span>\n<h1>\n\t\tCONTACTS\n\t<\/h1>\n\t<p>Systematic and professional cooperation with industry partners and municipal sphere is among the core activities at our Institute. We have successfully worked with several renowned world leading companies and significant state institutions, some of them are listed below. More references are provided in the context of individual\u00a0<a href=\"https:\/\/upi.fme.vutbr.cz\/en\/activities\/\">activities<\/a>\u00a0we deal\u00a0with.<\/p>\n<ul>\n<li>Reduction of dioxin emissions (polychlorinated dibenzodioxins and dibenzofurans (PCDD\/F) and nitrogen oxides (NOx) from flue gas or in waste gases: cooperation with W.L.Gore &amp; Associates, Inc. who developed a\u00a0special filtration material for this contract.<\/li>\n<li>Drafting of materials for waste management support 2014-2020, contracting authority: Ministry of the Environment of the Czech Republic Expert&#8217;s\u00a0report on waste to energy, crucial calculations for optimization of the equipment&#8217;s\u00a0net\u00adwork, sub-contract for EY,\u00a02015<\/li>\n<li>CFD flow analysis in mixed reactors: a\u00a0comparative study, contractual research for Cray Valley Czech, 2013-2014<\/li>\n<li>Development of computational operations and software tools for thermal-hydraulic calculations of heat-transfer equipment, client: HTRI\u00a0&#8211; Heat Transfer Research Inc., USA 2013-2014<\/li>\n<li>A\u00a0complex study (three successive phases) within a\u00a0preparation phase of development of new equipment for waste to energy, cooperation with a\u00a0major power industry company in the Czech Republic, 2012-2013<\/li>\n<li>Development of technology for watse water separation, client: PBS POWER EQUIPMENT, s.r.o., 2014-present<\/li>\n<li>Experimental verification of operational performance parameters in laundry machinery, client: Alliance Laundry CE, s.r.o., 2014-present<\/li>\n<li>Inhacing heat generation in a\u00a0production plant, client: Sapeli, a.s., 2014-2015<\/li>\n<li>Modelling and simulation of the utility system in The National Theatre building complex in Prague, client: ENESA, a.s., 2011-2012<\/li>\n<\/ul>\n\t\t\t\t\t\t\t\t\t\t<img decoding=\"async\" src=\"https:\/\/upi.fme.vutbr.cz\/wp-content\/uploads\/2019\/10\/logo_vut_fsi_en.png\" alt=\"logo_vut_fsi_en\" itemprop=\"image\"  \/>\n\t\t\t\t\t<ul id=\"menu-vyzkum-sidebar-en\"><li id=\"menu-item-1977\"><a href=\"https:\/\/upi.fme.vutbr.cz\/en\/research\/research-projects\/\">Research projects<\/a><\/li>\n<li id=\"menu-item-1976\"><a href=\"https:\/\/upi.fme.vutbr.cz\/en\/research\/cooperation-with-industry-partners-and-municipal-sphere\/\">Cooperation with industry partners and municipal sphere<\/a><\/li>\n<li id=\"menu-item-1975\"><a href=\"https:\/\/upi.fme.vutbr.cz\/en\/research\/labs-and-experimental-facilities\/\">Labs and experimental facilities<\/a><\/li>\n<li id=\"menu-item-1974\"><a href=\"https:\/\/upi.fme.vutbr.cz\/en\/research\/products-and-software\/\">Products and software<\/a><\/li>\n<\/ul>\t\n\t\t<blockquote cite=\"https:\/\/www.facebook.com\/upibrno\/\"><a href=\"https:\/\/www.facebook.com\/upibrno\/\"><\/a><\/blockquote>\n\n","protected":false},"excerpt":{"rendered":"<p>CONTACTS Systematic and professional cooperation with industry partners and municipal sphere is among the core activities at our Institute. We have successfully worked with several renowned world leading companies and significant state institutions, some of them are listed below. More references are provided in the context of individual\u00a0activities\u00a0we deal\u00a0with. Reduction of dioxin emissions (polychlorinated dibenzodioxins&hellip;<\/p>\n","protected":false},"author":1,"featured_media":0,"parent":1887,"menu_order":0,"comment_status":"closed","ping_status":"closed","template":"","meta":{"_acf_changed":false,"footnotes":""},"class_list":["post-1897","page","type-page","status-publish","hentry"],"acf":[],"yoast_head":"<!-- This site is optimized with the Yoast SEO plugin v24.5 - https:\/\/yoast.com\/wordpress\/plugins\/seo\/ -->\n<title>Cooperation with industry partners and municipal sphere - \u00dastav procesn\u00edho in\u017een\u00fdrstv\u00ed<\/title>\n<meta name=\"robots\" content=\"index, follow, max-snippet:-1, max-image-preview:large, max-video-preview:-1\" \/>\n<link rel=\"canonical\" href=\"https:\/\/upi.fme.vutbr.cz\/en\/research\/cooperation-with-industry-partners-and-municipal-sphere\/\" \/>\n<meta property=\"og:locale\" content=\"en_US\" \/>\n<meta property=\"og:type\" content=\"article\" \/>\n<meta property=\"og:title\" content=\"Cooperation with industry partners and municipal sphere - \u00dastav procesn\u00edho in\u017een\u00fdrstv\u00ed\" \/>\n<meta property=\"og:description\" content=\"CONTACTS Systematic and professional cooperation with industry partners and municipal sphere is among the core activities at our Institute. We have successfully worked with several renowned world leading companies and significant state institutions, some of them are listed below. More references are provided in the context of individual\u00a0activities\u00a0we deal\u00a0with. Reduction of dioxin emissions (polychlorinated dibenzodioxins&hellip;\" \/>\n<meta property=\"og:url\" content=\"https:\/\/upi.fme.vutbr.cz\/en\/research\/cooperation-with-industry-partners-and-municipal-sphere\/\" \/>\n<meta property=\"og:site_name\" content=\"\u00dastav procesn\u00edho in\u017een\u00fdrstv\u00ed\" \/>\n<meta property=\"article:modified_time\" content=\"2022-01-31T13:54:19+00:00\" \/>\n<meta property=\"og:image\" content=\"https:\/\/upi.fme.vutbr.cz\/wp-content\/uploads\/2019\/10\/logo_vut_fsi_en.png\" \/>\n<meta name=\"twitter:card\" content=\"summary_large_image\" \/>\n<meta name=\"twitter:label1\" content=\"Est. reading time\" \/>\n\t<meta name=\"twitter:data1\" content=\"1 minute\" \/>\n<script type=\"application\/ld+json\" class=\"yoast-schema-graph\">{\"@context\":\"https:\/\/schema.org\",\"@graph\":[{\"@type\":\"WebPage\",\"@id\":\"https:\/\/upi.fme.vutbr.cz\/en\/research\/cooperation-with-industry-partners-and-municipal-sphere\/\",\"url\":\"https:\/\/upi.fme.vutbr.cz\/en\/research\/cooperation-with-industry-partners-and-municipal-sphere\/\",\"name\":\"Cooperation with industry partners and municipal sphere - \u00dastav procesn\u00edho in\u017een\u00fdrstv\u00ed\",\"isPartOf\":{\"@id\":\"https:\/\/upi.fme.vutbr.cz\/en\/#website\"},\"primaryImageOfPage\":{\"@id\":\"https:\/\/upi.fme.vutbr.cz\/en\/research\/cooperation-with-industry-partners-and-municipal-sphere\/#primaryimage\"},\"image\":{\"@id\":\"https:\/\/upi.fme.vutbr.cz\/en\/research\/cooperation-with-industry-partners-and-municipal-sphere\/#primaryimage\"},\"thumbnailUrl\":\"https:\/\/upi.fme.vutbr.cz\/wp-content\/uploads\/2019\/10\/logo_vut_fsi_en.png\",\"datePublished\":\"2019-10-22T14:08:15+00:00\",\"dateModified\":\"2022-01-31T13:54:19+00:00\",\"breadcrumb\":{\"@id\":\"https:\/\/upi.fme.vutbr.cz\/en\/research\/cooperation-with-industry-partners-and-municipal-sphere\/#breadcrumb\"},\"inLanguage\":\"en-US\",\"potentialAction\":[{\"@type\":\"ReadAction\",\"target\":[\"https:\/\/upi.fme.vutbr.cz\/en\/research\/cooperation-with-industry-partners-and-municipal-sphere\/\"]}]},{\"@type\":\"ImageObject\",\"inLanguage\":\"en-US\",\"@id\":\"https:\/\/upi.fme.vutbr.cz\/en\/research\/cooperation-with-industry-partners-and-municipal-sphere\/#primaryimage\",\"url\":\"https:\/\/upi.fme.vutbr.cz\/wp-content\/uploads\/2019\/10\/logo_vut_fsi_en.png\",\"contentUrl\":\"https:\/\/upi.fme.vutbr.cz\/wp-content\/uploads\/2019\/10\/logo_vut_fsi_en.png\"},{\"@type\":\"BreadcrumbList\",\"@id\":\"https:\/\/upi.fme.vutbr.cz\/en\/research\/cooperation-with-industry-partners-and-municipal-sphere\/#breadcrumb\",\"itemListElement\":[{\"@type\":\"ListItem\",\"position\":1,\"name\":\"Home\",\"item\":\"https:\/\/upi.fme.vutbr.cz\/en\/\"},{\"@type\":\"ListItem\",\"position\":2,\"name\":\"Research\",\"item\":\"https:\/\/upi.fme.vutbr.cz\/en\/veda-vyzkum\/\"},{\"@type\":\"ListItem\",\"position\":3,\"name\":\"Cooperation with industry partners and municipal sphere\"}]},{\"@type\":\"WebSite\",\"@id\":\"https:\/\/upi.fme.vutbr.cz\/en\/#website\",\"url\":\"https:\/\/upi.fme.vutbr.cz\/en\/\",\"name\":\"\u00dastav procesn\u00edho in\u017een\u00fdrstv\u00ed\",\"description\":\"\u00dastav procesn\u00edho in\u017een\u00fdrstv\u00ed\",\"potentialAction\":[{\"@type\":\"SearchAction\",\"target\":{\"@type\":\"EntryPoint\",\"urlTemplate\":\"https:\/\/upi.fme.vutbr.cz\/en\/?s={search_term_string}\"},\"query-input\":{\"@type\":\"PropertyValueSpecification\",\"valueRequired\":true,\"valueName\":\"search_term_string\"}}],\"inLanguage\":\"en-US\"}]}<\/script>\n<!-- \/ Yoast SEO plugin. -->","yoast_head_json":{"title":"Cooperation with industry partners and municipal sphere - \u00dastav procesn\u00edho in\u017een\u00fdrstv\u00ed","robots":{"index":"index","follow":"follow","max-snippet":"max-snippet:-1","max-image-preview":"max-image-preview:large","max-video-preview":"max-video-preview:-1"},"canonical":"https:\/\/upi.fme.vutbr.cz\/en\/research\/cooperation-with-industry-partners-and-municipal-sphere\/","og_locale":"en_US","og_type":"article","og_title":"Cooperation with industry partners and municipal sphere - \u00dastav procesn\u00edho in\u017een\u00fdrstv\u00ed","og_description":"CONTACTS Systematic and professional cooperation with industry partners and municipal sphere is among the core activities at our Institute. We have successfully worked with several renowned world leading companies and significant state institutions, some of them are listed below. More references are provided in the context of individual\u00a0activities\u00a0we deal\u00a0with. Reduction of dioxin emissions (polychlorinated dibenzodioxins&hellip;","og_url":"https:\/\/upi.fme.vutbr.cz\/en\/research\/cooperation-with-industry-partners-and-municipal-sphere\/","og_site_name":"\u00dastav procesn\u00edho in\u017een\u00fdrstv\u00ed","article_modified_time":"2022-01-31T13:54:19+00:00","og_image":[{"url":"https:\/\/upi.fme.vutbr.cz\/wp-content\/uploads\/2019\/10\/logo_vut_fsi_en.png","type":"","width":"","height":""}],"twitter_card":"summary_large_image","twitter_misc":{"Est. reading time":"1 minute"},"schema":{"@context":"https:\/\/schema.org","@graph":[{"@type":"WebPage","@id":"https:\/\/upi.fme.vutbr.cz\/en\/research\/cooperation-with-industry-partners-and-municipal-sphere\/","url":"https:\/\/upi.fme.vutbr.cz\/en\/research\/cooperation-with-industry-partners-and-municipal-sphere\/","name":"Cooperation with industry partners and municipal sphere - \u00dastav procesn\u00edho in\u017een\u00fdrstv\u00ed","isPartOf":{"@id":"https:\/\/upi.fme.vutbr.cz\/en\/#website"},"primaryImageOfPage":{"@id":"https:\/\/upi.fme.vutbr.cz\/en\/research\/cooperation-with-industry-partners-and-municipal-sphere\/#primaryimage"},"image":{"@id":"https:\/\/upi.fme.vutbr.cz\/en\/research\/cooperation-with-industry-partners-and-municipal-sphere\/#primaryimage"},"thumbnailUrl":"https:\/\/upi.fme.vutbr.cz\/wp-content\/uploads\/2019\/10\/logo_vut_fsi_en.png","datePublished":"2019-10-22T14:08:15+00:00","dateModified":"2022-01-31T13:54:19+00:00","breadcrumb":{"@id":"https:\/\/upi.fme.vutbr.cz\/en\/research\/cooperation-with-industry-partners-and-municipal-sphere\/#breadcrumb"},"inLanguage":"en-US","potentialAction":[{"@type":"ReadAction","target":["https:\/\/upi.fme.vutbr.cz\/en\/research\/cooperation-with-industry-partners-and-municipal-sphere\/"]}]},{"@type":"ImageObject","inLanguage":"en-US","@id":"https:\/\/upi.fme.vutbr.cz\/en\/research\/cooperation-with-industry-partners-and-municipal-sphere\/#primaryimage","url":"https:\/\/upi.fme.vutbr.cz\/wp-content\/uploads\/2019\/10\/logo_vut_fsi_en.png","contentUrl":"https:\/\/upi.fme.vutbr.cz\/wp-content\/uploads\/2019\/10\/logo_vut_fsi_en.png"},{"@type":"BreadcrumbList","@id":"https:\/\/upi.fme.vutbr.cz\/en\/research\/cooperation-with-industry-partners-and-municipal-sphere\/#breadcrumb","itemListElement":[{"@type":"ListItem","position":1,"name":"Home","item":"https:\/\/upi.fme.vutbr.cz\/en\/"},{"@type":"ListItem","position":2,"name":"Research","item":"https:\/\/upi.fme.vutbr.cz\/en\/veda-vyzkum\/"},{"@type":"ListItem","position":3,"name":"Cooperation with industry partners and municipal sphere"}]},{"@type":"WebSite","@id":"https:\/\/upi.fme.vutbr.cz\/en\/#website","url":"https:\/\/upi.fme.vutbr.cz\/en\/","name":"\u00dastav procesn\u00edho in\u017een\u00fdrstv\u00ed","description":"\u00dastav procesn\u00edho in\u017een\u00fdrstv\u00ed","potentialAction":[{"@type":"SearchAction","target":{"@type":"EntryPoint","urlTemplate":"https:\/\/upi.fme.vutbr.cz\/en\/?s={search_term_string}"},"query-input":{"@type":"PropertyValueSpecification","valueRequired":true,"valueName":"search_term_string"}}],"inLanguage":"en-US"}]}},"_links":{"self":[{"href":"https:\/\/upi.fme.vutbr.cz\/en\/wp-json\/wp\/v2\/pages\/1897","targetHints":{"allow":["GET"]}}],"collection":[{"href":"https:\/\/upi.fme.vutbr.cz\/en\/wp-json\/wp\/v2\/pages"}],"about":[{"href":"https:\/\/upi.fme.vutbr.cz\/en\/wp-json\/wp\/v2\/types\/page"}],"author":[{"embeddable":true,"href":"https:\/\/upi.fme.vutbr.cz\/en\/wp-json\/wp\/v2\/users\/1"}],"replies":[{"embeddable":true,"href":"https:\/\/upi.fme.vutbr.cz\/en\/wp-json\/wp\/v2\/comments?post=1897"}],"version-history":[{"count":2,"href":"https:\/\/upi.fme.vutbr.cz\/en\/wp-json\/wp\/v2\/pages\/1897\/revisions"}],"predecessor-version":[{"id":3307,"href":"https:\/\/upi.fme.vutbr.cz\/en\/wp-json\/wp\/v2\/pages\/1897\/revisions\/3307"}],"up":[{"embeddable":true,"href":"https:\/\/upi.fme.vutbr.cz\/en\/wp-json\/wp\/v2\/pages\/1887"}],"wp:attachment":[{"href":"https:\/\/upi.fme.vutbr.cz\/en\/wp-json\/wp\/v2\/media?parent=1897"}],"curies":[{"name":"wp","href":"https:\/\/api.w.org\/{rel}","templated":true}]}}