{"id":1893,"date":"2019-10-22T16:02:25","date_gmt":"2019-10-22T14:02:25","guid":{"rendered":"https:\/\/upi.fme.vutbr.cz\/research\/research-projects\/"},"modified":"2025-09-02T13:14:36","modified_gmt":"2025-09-02T11:14:36","slug":"research-projects","status":"publish","type":"page","link":"https:\/\/upi.fme.vutbr.cz\/en\/research\/research-projects\/","title":{"rendered":"Research projects"},"content":{"rendered":"\n\n\t<span><span><a href=\"https:\/\/upi.fme.vutbr.cz\/en\/\">Home<\/a><\/span><\/span>\n<h1>\n\t\tCONTACTS\n\t<\/h1>\n\t<p>The institute has been involved in several national and international projects, which have been supported by public funds and public tenders. Next to this, the institute is active in collaborating with commercial and municipal sectors on a\u00a0contractual\u00a0ba\u00adsis.<\/p>\n<h2>Current projects<\/h2>\n<ul>\n<li>Centre of environmental research: Waste management, circular economy and environmetal secutiry (CEVOOH), program: TA\u010cR Prost\u0159ed\u00ed pro \u017eivot 2, 2021-2026. <a href=\"https:\/\/starfos.tacr.cz\/projekty\/SS02030008?query=35zaaadaoveq\">Detail<\/a><\/li>\n<li>Thermic Sanitation of Seeds as Protection against Fungal Diseases and Pests (TERSAN), program: ZEM\u011a 5, 2022-2025. <a href=\"https:\/\/starfos.tacr.cz\/projekty\/QK22010200?query=yx2qaadavxma\">Detail<\/a><\/li>\n<li>Innovative solutions for sustainable energy, program: NCE II &#8211; DP1 (NPO), 2023-2026. <a href=\"https:\/\/starfos.tacr.cz\/projekty\/TN02000025?query=sfqiaacnxztq\">Detail<\/a><\/li>\n<li>Technical solutions for low-emission energy \/ PB1.01 &#8220;Adaptation of current and design of new equipment for modern low-carbon and sustainable energy&#8221;, program: NCE II &#8211; DP3, 2023-2026. <a href=\"https:\/\/starfos.tacr.cz\/projekty\/TN02000025?query=sfqiaacnxztq\">Detail<\/a><\/li>\n<li>Technical solutions for low-emission energy \/ PB1.02 &#8220;Conceptual modeling of heating sources with optimization elements&#8221;, program: NCE II &#8211; DP3, 2023-2026. <a href=\"https:\/\/starfos.tacr.cz\/projekty\/TN02000025?query=sfqiaacnxztq\">Detail<\/a><\/li>\n<li>Development of a burner for combustion of natural gas and hydrogen mixtures (Comixnathy), program: TA\u010cR TH\u00c9TA 5, 2023-2025. <a href=\"https:\/\/starfos.tacr.cz\/projekty\/TK05020008?query=6qviaadakf7a\">Detail<\/a><\/li>\n<li>Development of continuous feeding system for solid alternative fuels, program: TA\u010cR TREND 9 &#8220;Nov\u00e1\u010dci&#8221;, 2023-2025. <a href=\"https:\/\/starfos.tacr.cz\/projekty\/FW09020063?query=u7jiaada5iwq\">Detail<\/a><\/li>\n<li>Technology for sludge utilization after industrial wastewater recycling (TeKaReWa), program: TA\u010cR 2. VS SIGMA DC2, 2024-2025. <a href=\"https:\/\/starfos.tacr.cz\/projekty\/TQ03000374?query=r5kyaadbdmza\">Detail<\/a><\/li>\n<li>Forward osmosis unit for industrial wastewater recycling (RECOVOS), program: TA\u010cR 2. VS SIGMA DC2, 2024-2025. <a href=\"https:\/\/starfos.tacr.cz\/projekty\/TQ03000672?query=umniaadbdnxa\">Detail<\/a><\/li>\n<li>Zero Liquid Discharge Unit for Wineries (R3WISION), program: TA\u010cR TREND 10 (NPO), 2024-2026. <a href=\"https:\/\/starfos.tacr.cz\/projekty\/FW10010437?query=saoaaadbdgsa\">Detail<\/a><\/li>\n<li>Development of a universal device for the analysis and cleaning of residential air conditioning systems (CIPO), program: TA\u010cR TREND 10 (NPO), 2024-2026. <a href=\"https:\/\/starfos.tacr.cz\/projekty\/FW10010555?query=rb3qaadb5mhq\">Detail<\/a><\/li>\n<li>Optimization of infrastructure and operation of micromobility in cities of the Czech Republic (OPINOM), program: TA\u010cR DOPRAVA 2030 (NPO), 2024-2025. <a href=\"https:\/\/starfos.tacr.cz\/projekty\/CL01000161?query=rbsiaadbfekq\">Detail<\/a><\/li>\n<li>Battery crumb drying technology for its processing into secondary raw materials, program: OP TAK &#8211; Aplikace I., 2024-2025. <a href=\"https:\/\/starfos.tacr.cz\/projekty\/EI22_002%2F0000941?query=q6oyaadbjgoq\">Detail<\/a><\/li>\n<li>From Waste to Resource Recycling Sewage Sludge Ash into Phosphate-rich Plant Fertilizer (PHOS4PLANT), funding resources: European Union (the European Regional Development Fund) and state budget of the Czech Republic (Ministry of regional development), program: Interreg Austria &#8211; Czechia 2021-2027. <a href=\"https:\/\/upi.fme.vutbr.cz\/en\/phos4plant\/\">Detail<\/a><\/li>\n<li>Increasing the efficiency and reducing the SO2 and CO2 emissions of the process heater by applying a condensing exchanger behind the convection\u00a0(REMIFACE), program: TA\u010cR TH\u00c9TA 2 : 1 &#8211; PP2, 2024-2027. <a href=\"https:\/\/starfos.tacr.cz\/projekty\/TS01020021?query=2moiaadf3lsq\">Detail<\/a><\/li>\n<li>EneXChange &#8211; Innovative energy exchange system using cloud management (EneXChange), program: TA\u010cR TH\u00c9TA 2 : 1 &#8211; PP2, 2024-2026. <a href=\"https:\/\/starfos.tacr.cz\/projekty\/TS01020071?query=3xfiaadc26sa\">Detail<\/a><\/li>\n<li>Optimal design and control of energy systems using artificial intelligence (ODESAI), program: TA\u010cR TH\u00c9TA 2 : 1 &#8211; PP3, 2024-2027. <a href=\"https:\/\/starfos.tacr.cz\/projekty\/TS01030053?query=ym4aaadgabyq\">Detail<\/a><\/li>\n<li>Multi-stage absorption system for efficient heat and cold storage (ABSYSTOR), program: TA\u010cR TH\u00c9TA 2 : 1 &#8211; PP3, 2024-2027. <a href=\"https:\/\/starfos.tacr.cz\/projekty\/TS01030161?query=vp6yaadgf3sq\">Detail<\/a><\/li>\n<li>Bio-based Heat and Power with Advanced Carbon Capture and Supply Chain Network (BioHEPAS), program: HORIZON-CL5-2023-D3-02-01, 2024-2028.<\/li>\n<li>Lifecycle of New Energy Sources (LiNES), program: OP JAK: MeS (NPO), 2024-2028. <a href=\"https:\/\/starfos.tacr.cz\/projekty\/EH23_020%2F0008508?query=wh4qaadibu3a\">Detail<\/a><\/li>\n<li>Increasing the energy self-sufficiency of small sources via residual heat conversion (WasteHEAT), program: TA\u010cR 7. VS SIGMA DC2, 2025-2026. <a href=\"https:\/\/starfos.tacr.cz\/projekty\/TQ15000055?query=4fnyaadjamqa\">Detail<\/a><\/li>\n<li>Complex design of local energy communities (GENEKOM), program: TA\u010cR 7. VS SIGMA DC2, 2025-2026. <a href=\"https:\/\/starfos.tacr.cz\/projekty\/TQ15000101?query=4gsyaadh35da\">Detail<\/a><\/li>\n<li>Tool for optimization of public transport systems offer: Sustainable mobility and its financing (TOptoPT), program: TA\u010cR DOPRAVA 2030 &#8211; 2, 2025-2027. <a href=\"https:\/\/starfos.tacr.cz\/projekty\/CL02000092?query=yigaaadnzpwq\">Detail<\/a><\/li>\n<li>New methods of operations research for managerial decision-making in waste management, program: GA\u010cR, 2025-2027<\/li>\n<li>Efficient Microaeration for Hydrogen Sulfide Reduction in Biogas Plant Fermenters (EMERS), program: TA\u010cR TREND 12, 2025-2027. <a href=\"https:\/\/starfos.tacr.cz\/projekty\/FW12010233?query=zykqaadu4viq\">Detail<\/a><\/li>\n<li>Advanced strategies for increasing the efficiency of algorithms in planning vehicle routes for transporting materials, program: Specifick\u00fd v\u00fdzkum, 2025-2026.<\/li>\n<li>Sustainable operation of biogas plants using digestate thickening technology (READYGE), program: TA\u010cR TH\u00c9TA 2 : 2 &#8211; PP2, 2025-2027.<\/li>\n<li>Automatic monoblock burner for combustion of hydrogen gas mixture (AMOHPS), program: TA\u010cR TH\u00c9TA 2 : 2 &#8211; PP2, 2025-2028.<\/li>\n<li>Accumulation of thermal energy by hydrolysis treatment of the heavy fraction of waste plastics containing PVC by dehydrochlorination for its material and energy use (Dechlorination), program: TA\u010cR TH\u00c9TA 2 : 2 &#8211; PP2, 2025-2028.<\/li>\n<\/ul>\n\t\t\t\t\t\t\t\t\t<img loading=\"lazy\" decoding=\"async\" src=\"https:\/\/upi.fme.vutbr.cz\/wp-content\/uploads\/2019\/10\/logo_vut_fsi_en.png\" alt=\"logo_vut_fsi_en\" itemprop=\"image\" height=\"81\" width=\"395\" srcset=\"https:\/\/upi.fme.vutbr.cz\/wp-content\/uploads\/2019\/10\/logo_vut_fsi_en.png 395w, https:\/\/upi.fme.vutbr.cz\/wp-content\/uploads\/2019\/10\/logo_vut_fsi_en-300x62.png 300w\" sizes=\"auto, (max-width: 395px) 100vw, 395px\" title=\"logo_vut_fsi_en\" onerror=\"this.style.display='none'\"  \/>\n\t\t\t\t\t<ul id=\"menu-vyzkum-sidebar-en\"><li id=\"menu-item-1977\"><a href=\"https:\/\/upi.fme.vutbr.cz\/en\/research\/research-projects\/\">Research projects<\/a><\/li>\n<li id=\"menu-item-1976\"><a href=\"https:\/\/upi.fme.vutbr.cz\/en\/research\/cooperation-with-industry-partners-and-municipal-sphere\/\">Cooperation with industry partners and municipal sphere<\/a><\/li>\n<li id=\"menu-item-1975\"><a href=\"https:\/\/upi.fme.vutbr.cz\/en\/research\/labs-and-experimental-facilities\/\">Labs and experimental facilities<\/a><\/li>\n<li id=\"menu-item-1974\"><a href=\"https:\/\/upi.fme.vutbr.cz\/en\/research\/products-and-software\/\">Products and software<\/a><\/li>\n<\/ul>\t\n\t\t<blockquote cite=\"https:\/\/www.facebook.com\/upibrno\/\"><a href=\"https:\/\/www.facebook.com\/upibrno\/\"><\/a><\/blockquote>\n\n","protected":false},"excerpt":{"rendered":"<p>CONTACTS The institute has been involved in several national and international projects, which have been supported by public funds and public tenders. Next to this, the institute is active in collaborating with commercial and municipal sectors on a\u00a0contractual\u00a0ba\u00adsis. Current projects Centre of environmental research: Waste management, circular economy and environmetal secutiry (CEVOOH), program: TA\u010cR Prost\u0159ed\u00ed&hellip;<\/p>\n","protected":false},"author":1,"featured_media":0,"parent":1887,"menu_order":0,"comment_status":"closed","ping_status":"closed","template":"","meta":{"_acf_changed":false,"footnotes":""},"class_list":["post-1893","page","type-page","status-publish","hentry"],"acf":[],"yoast_head":"<!-- This site is optimized with the Yoast SEO plugin v24.5 - https:\/\/yoast.com\/wordpress\/plugins\/seo\/ -->\n<title>Research projects - \u00dastav procesn\u00edho in\u017een\u00fdrstv\u00ed<\/title>\n<meta name=\"robots\" content=\"index, follow, max-snippet:-1, max-image-preview:large, max-video-preview:-1\" \/>\n<link rel=\"canonical\" href=\"https:\/\/upi.fme.vutbr.cz\/en\/research\/research-projects\/\" \/>\n<meta property=\"og:locale\" content=\"en_US\" \/>\n<meta property=\"og:type\" content=\"article\" \/>\n<meta property=\"og:title\" content=\"Research projects - \u00dastav procesn\u00edho in\u017een\u00fdrstv\u00ed\" \/>\n<meta property=\"og:description\" content=\"CONTACTS The institute has been involved in several national and international projects, which have been supported by public funds and public tenders. Next to this, the institute is active in collaborating with commercial and municipal sectors on a\u00a0contractual\u00a0ba\u00adsis. Current projects Centre of environmental research: Waste management, circular economy and environmetal secutiry (CEVOOH), program: TA\u010cR Prost\u0159ed\u00ed&hellip;\" \/>\n<meta property=\"og:url\" content=\"https:\/\/upi.fme.vutbr.cz\/en\/research\/research-projects\/\" \/>\n<meta property=\"og:site_name\" content=\"\u00dastav procesn\u00edho in\u017een\u00fdrstv\u00ed\" \/>\n<meta property=\"article:modified_time\" content=\"2025-09-02T11:14:36+00:00\" \/>\n<meta property=\"og:image\" content=\"https:\/\/upi.fme.vutbr.cz\/wp-content\/uploads\/2019\/10\/logo_vut_fsi_en.png\" \/>\n<meta name=\"twitter:card\" content=\"summary_large_image\" \/>\n<meta name=\"twitter:label1\" content=\"Est. reading time\" \/>\n\t<meta name=\"twitter:data1\" content=\"3 minutes\" \/>\n<script type=\"application\/ld+json\" class=\"yoast-schema-graph\">{\"@context\":\"https:\/\/schema.org\",\"@graph\":[{\"@type\":\"WebPage\",\"@id\":\"https:\/\/upi.fme.vutbr.cz\/en\/research\/research-projects\/\",\"url\":\"https:\/\/upi.fme.vutbr.cz\/en\/research\/research-projects\/\",\"name\":\"Research projects - \u00dastav procesn\u00edho in\u017een\u00fdrstv\u00ed\",\"isPartOf\":{\"@id\":\"https:\/\/upi.fme.vutbr.cz\/en\/#website\"},\"primaryImageOfPage\":{\"@id\":\"https:\/\/upi.fme.vutbr.cz\/en\/research\/research-projects\/#primaryimage\"},\"image\":{\"@id\":\"https:\/\/upi.fme.vutbr.cz\/en\/research\/research-projects\/#primaryimage\"},\"thumbnailUrl\":\"https:\/\/upi.fme.vutbr.cz\/wp-content\/uploads\/2019\/10\/logo_vut_fsi_en.png\",\"datePublished\":\"2019-10-22T14:02:25+00:00\",\"dateModified\":\"2025-09-02T11:14:36+00:00\",\"breadcrumb\":{\"@id\":\"https:\/\/upi.fme.vutbr.cz\/en\/research\/research-projects\/#breadcrumb\"},\"inLanguage\":\"en-US\",\"potentialAction\":[{\"@type\":\"ReadAction\",\"target\":[\"https:\/\/upi.fme.vutbr.cz\/en\/research\/research-projects\/\"]}]},{\"@type\":\"ImageObject\",\"inLanguage\":\"en-US\",\"@id\":\"https:\/\/upi.fme.vutbr.cz\/en\/research\/research-projects\/#primaryimage\",\"url\":\"https:\/\/upi.fme.vutbr.cz\/wp-content\/uploads\/2019\/10\/logo_vut_fsi_en.png\",\"contentUrl\":\"https:\/\/upi.fme.vutbr.cz\/wp-content\/uploads\/2019\/10\/logo_vut_fsi_en.png\"},{\"@type\":\"BreadcrumbList\",\"@id\":\"https:\/\/upi.fme.vutbr.cz\/en\/research\/research-projects\/#breadcrumb\",\"itemListElement\":[{\"@type\":\"ListItem\",\"position\":1,\"name\":\"Home\",\"item\":\"https:\/\/upi.fme.vutbr.cz\/en\/\"},{\"@type\":\"ListItem\",\"position\":2,\"name\":\"Research\",\"item\":\"https:\/\/upi.fme.vutbr.cz\/en\/veda-vyzkum\/\"},{\"@type\":\"ListItem\",\"position\":3,\"name\":\"Research projects\"}]},{\"@type\":\"WebSite\",\"@id\":\"https:\/\/upi.fme.vutbr.cz\/en\/#website\",\"url\":\"https:\/\/upi.fme.vutbr.cz\/en\/\",\"name\":\"\u00dastav procesn\u00edho in\u017een\u00fdrstv\u00ed\",\"description\":\"\u00dastav procesn\u00edho in\u017een\u00fdrstv\u00ed\",\"potentialAction\":[{\"@type\":\"SearchAction\",\"target\":{\"@type\":\"EntryPoint\",\"urlTemplate\":\"https:\/\/upi.fme.vutbr.cz\/en\/?s={search_term_string}\"},\"query-input\":{\"@type\":\"PropertyValueSpecification\",\"valueRequired\":true,\"valueName\":\"search_term_string\"}}],\"inLanguage\":\"en-US\"}]}<\/script>\n<!-- \/ Yoast SEO plugin. -->","yoast_head_json":{"title":"Research projects - \u00dastav procesn\u00edho in\u017een\u00fdrstv\u00ed","robots":{"index":"index","follow":"follow","max-snippet":"max-snippet:-1","max-image-preview":"max-image-preview:large","max-video-preview":"max-video-preview:-1"},"canonical":"https:\/\/upi.fme.vutbr.cz\/en\/research\/research-projects\/","og_locale":"en_US","og_type":"article","og_title":"Research projects - \u00dastav procesn\u00edho in\u017een\u00fdrstv\u00ed","og_description":"CONTACTS The institute has been involved in several national and international projects, which have been supported by public funds and public tenders. Next to this, the institute is active in collaborating with commercial and municipal sectors on a\u00a0contractual\u00a0ba\u00adsis. Current projects Centre of environmental research: Waste management, circular economy and environmetal secutiry (CEVOOH), program: TA\u010cR Prost\u0159ed\u00ed&hellip;","og_url":"https:\/\/upi.fme.vutbr.cz\/en\/research\/research-projects\/","og_site_name":"\u00dastav procesn\u00edho in\u017een\u00fdrstv\u00ed","article_modified_time":"2025-09-02T11:14:36+00:00","og_image":[{"url":"https:\/\/upi.fme.vutbr.cz\/wp-content\/uploads\/2019\/10\/logo_vut_fsi_en.png","type":"","width":"","height":""}],"twitter_card":"summary_large_image","twitter_misc":{"Est. reading time":"3 minutes"},"schema":{"@context":"https:\/\/schema.org","@graph":[{"@type":"WebPage","@id":"https:\/\/upi.fme.vutbr.cz\/en\/research\/research-projects\/","url":"https:\/\/upi.fme.vutbr.cz\/en\/research\/research-projects\/","name":"Research projects - \u00dastav procesn\u00edho in\u017een\u00fdrstv\u00ed","isPartOf":{"@id":"https:\/\/upi.fme.vutbr.cz\/en\/#website"},"primaryImageOfPage":{"@id":"https:\/\/upi.fme.vutbr.cz\/en\/research\/research-projects\/#primaryimage"},"image":{"@id":"https:\/\/upi.fme.vutbr.cz\/en\/research\/research-projects\/#primaryimage"},"thumbnailUrl":"https:\/\/upi.fme.vutbr.cz\/wp-content\/uploads\/2019\/10\/logo_vut_fsi_en.png","datePublished":"2019-10-22T14:02:25+00:00","dateModified":"2025-09-02T11:14:36+00:00","breadcrumb":{"@id":"https:\/\/upi.fme.vutbr.cz\/en\/research\/research-projects\/#breadcrumb"},"inLanguage":"en-US","potentialAction":[{"@type":"ReadAction","target":["https:\/\/upi.fme.vutbr.cz\/en\/research\/research-projects\/"]}]},{"@type":"ImageObject","inLanguage":"en-US","@id":"https:\/\/upi.fme.vutbr.cz\/en\/research\/research-projects\/#primaryimage","url":"https:\/\/upi.fme.vutbr.cz\/wp-content\/uploads\/2019\/10\/logo_vut_fsi_en.png","contentUrl":"https:\/\/upi.fme.vutbr.cz\/wp-content\/uploads\/2019\/10\/logo_vut_fsi_en.png"},{"@type":"BreadcrumbList","@id":"https:\/\/upi.fme.vutbr.cz\/en\/research\/research-projects\/#breadcrumb","itemListElement":[{"@type":"ListItem","position":1,"name":"Home","item":"https:\/\/upi.fme.vutbr.cz\/en\/"},{"@type":"ListItem","position":2,"name":"Research","item":"https:\/\/upi.fme.vutbr.cz\/en\/veda-vyzkum\/"},{"@type":"ListItem","position":3,"name":"Research projects"}]},{"@type":"WebSite","@id":"https:\/\/upi.fme.vutbr.cz\/en\/#website","url":"https:\/\/upi.fme.vutbr.cz\/en\/","name":"\u00dastav procesn\u00edho in\u017een\u00fdrstv\u00ed","description":"\u00dastav procesn\u00edho in\u017een\u00fdrstv\u00ed","potentialAction":[{"@type":"SearchAction","target":{"@type":"EntryPoint","urlTemplate":"https:\/\/upi.fme.vutbr.cz\/en\/?s={search_term_string}"},"query-input":{"@type":"PropertyValueSpecification","valueRequired":true,"valueName":"search_term_string"}}],"inLanguage":"en-US"}]}},"_links":{"self":[{"href":"https:\/\/upi.fme.vutbr.cz\/en\/wp-json\/wp\/v2\/pages\/1893","targetHints":{"allow":["GET"]}}],"collection":[{"href":"https:\/\/upi.fme.vutbr.cz\/en\/wp-json\/wp\/v2\/pages"}],"about":[{"href":"https:\/\/upi.fme.vutbr.cz\/en\/wp-json\/wp\/v2\/types\/page"}],"author":[{"embeddable":true,"href":"https:\/\/upi.fme.vutbr.cz\/en\/wp-json\/wp\/v2\/users\/1"}],"replies":[{"embeddable":true,"href":"https:\/\/upi.fme.vutbr.cz\/en\/wp-json\/wp\/v2\/comments?post=1893"}],"version-history":[{"count":5,"href":"https:\/\/upi.fme.vutbr.cz\/en\/wp-json\/wp\/v2\/pages\/1893\/revisions"}],"predecessor-version":[{"id":4053,"href":"https:\/\/upi.fme.vutbr.cz\/en\/wp-json\/wp\/v2\/pages\/1893\/revisions\/4053"}],"up":[{"embeddable":true,"href":"https:\/\/upi.fme.vutbr.cz\/en\/wp-json\/wp\/v2\/pages\/1887"}],"wp:attachment":[{"href":"https:\/\/upi.fme.vutbr.cz\/en\/wp-json\/wp\/v2\/media?parent=1893"}],"curies":[{"name":"wp","href":"https:\/\/api.w.org\/{rel}","templated":true}]}}