{"id":1887,"date":"2019-10-22T15:52:43","date_gmt":"2019-10-22T13:52:43","guid":{"rendered":"https:\/\/upi.fme.vutbr.cz\/research\/"},"modified":"2022-01-31T14:55:48","modified_gmt":"2022-01-31T13:55:48","slug":"research","status":"publish","type":"page","link":"https:\/\/upi.fme.vutbr.cz\/en\/research\/","title":{"rendered":"Research"},"content":{"rendered":"\n\n\t<span><span><a href=\"https:\/\/upi.fme.vutbr.cz\/en\/\">Home<\/a><\/span><\/span>\n<h1>\n\t\tRESEARCH\n\t<\/h1>\n\t<h2>Orientation towards actual practice<\/h2>\n<p>Research at the Institute is directed towards applied research which puts to use results of basic research and prioritizes development and actual implementation of knowledge. The process usually looks like this<\/p>\n<p>&nbsp;<\/p>\n<img decoding=\"async\" src=\"https:\/\/upi.fme.vutbr.cz\/wp-content\/uploads\/2020\/02\/IMG_1993.png\" alt=\"\" \/>\n<p>&nbsp;<\/p>\n<h2>Research &#8220;from scratch to launch&#8221;<\/h2>\n<p>An example from the food processing industry :<\/p>\n<p>&nbsp;<\/p>\n\n<h2>Complex approach<\/h2>\n<p>A\u00a0monograph written by Professor Petr Stehl\u00edk and published by Springer is a\u00a0good proof of the outstanding quality of research and development at our Institute.<\/p>\n<ul>\n<li>Stehlik, P.: Up-to-Date Waste to Energy Approach. From Idea to Industrial Application, Springer International Publishing, Switzerland, Cham, 2016\u00a0<a href=\"http:\/\/www.springer.com\/gp\/book\/9783319154664\"><img loading=\"lazy\" decoding=\"async\" src=\"https:\/\/upi.fme.vutbr.cz\/media\/zalozka_veda-vyzkum\/springer.png\" alt=\"\" width=\"15\" height=\"15\" \/><\/a><\/li>\n<\/ul>\n<h2>Areas of research, development and execution activities<\/h2>\n<p>A\u00a0list of the Institute&#8217;s\u00a0re\u00adsearch focus areas is long and constantly evolves. For more information, please follow the link \u010dinnosti \u00fastavu Our main research focus areas include:<\/p>\n<ul>\n<li>Energy production from waste and biomass<\/li>\n<li>Cleaning of flue gas and other waste gases<\/li>\n<li>Heat transfer systems<\/li>\n<li>Equipment design and computational modeling<\/li>\n<li>Development of new pieces of equipment for process industry, power industry and municipal\u00a0sphere<\/li>\n<\/ul>\n<h2>Promoting research, development and execution<\/h2>\n<ul>\n<li>International and national research projects and grants<\/li>\n<li>Optimal combination of experimental and theoretical approach, use of\u00a0IT\n<ul>\n<li>cooperation with the Czech Academy of Sciences (use of results of the basic research)<\/li>\n<li>cooperation with businesses (feedback from businesses, data from their facilities and applications in the municipal sphere)<\/li>\n<\/ul>\n<\/li>\n<li>Unconventional approach using mathematics (optimization, statistics,\u00a0etc.)<\/li>\n<li>Unique\u00a0<a href=\"https:\/\/upi.fme.vutbr.cz\/en\/research\/labs-and-experimental-facilities\/\">experimental basis<\/a><\/li>\n<li>Development of our own inhouse\u00a0<a href=\"https:\/\/upi.fme.vutbr.cz\/en\/research\/products-and-software\/\">software systems<\/a><\/li>\n<\/ul>\n\t\t\t\t\t\t\t\t\t\t<img decoding=\"async\" src=\"https:\/\/upi.fme.vutbr.cz\/wp-content\/uploads\/2019\/10\/logo_vut_fsi_en.png\" alt=\"logo_vut_fsi_en\" itemprop=\"image\"  \/>\n\t\t\t\t\t<ul id=\"menu-vyzkum-sidebar-en\"><li id=\"menu-item-1977\"><a href=\"https:\/\/upi.fme.vutbr.cz\/en\/research\/research-projects\/\">Research projects<\/a><\/li>\n<li id=\"menu-item-1976\"><a href=\"https:\/\/upi.fme.vutbr.cz\/en\/research\/cooperation-with-industry-partners-and-municipal-sphere\/\">Cooperation with industry partners and municipal sphere<\/a><\/li>\n<li id=\"menu-item-1975\"><a href=\"https:\/\/upi.fme.vutbr.cz\/en\/research\/labs-and-experimental-facilities\/\">Labs and experimental facilities<\/a><\/li>\n<li id=\"menu-item-1974\"><a href=\"https:\/\/upi.fme.vutbr.cz\/en\/research\/products-and-software\/\">Products and software<\/a><\/li>\n<\/ul>\t\n\t\t<blockquote cite=\"https:\/\/www.facebook.com\/upibrno\/\"><a href=\"https:\/\/www.facebook.com\/upibrno\/\"><\/a><\/blockquote>\n\n","protected":false},"excerpt":{"rendered":"<p>RESEARCH Orientation towards actual practice Research at the Institute is directed towards applied research which puts to use results of basic research and prioritizes development and actual implementation of knowledge. The process usually looks like this &nbsp; &nbsp; Research &#8220;from scratch to launch&#8221; An example from the food processing industry : &nbsp; Complex approach A\u00a0monograph&hellip;<\/p>\n","protected":false},"author":1,"featured_media":0,"parent":0,"menu_order":0,"comment_status":"closed","ping_status":"closed","template":"","meta":{"_acf_changed":false,"footnotes":""},"class_list":["post-1887","page","type-page","status-publish","hentry"],"acf":[],"yoast_head":"<!-- This site is optimized with the Yoast SEO plugin v24.5 - https:\/\/yoast.com\/wordpress\/plugins\/seo\/ -->\n<title>Research - \u00dastav procesn\u00edho in\u017een\u00fdrstv\u00ed<\/title>\n<meta name=\"robots\" content=\"index, follow, max-snippet:-1, max-image-preview:large, max-video-preview:-1\" \/>\n<link rel=\"canonical\" href=\"https:\/\/upi.fme.vutbr.cz\/en\/research\/\" \/>\n<meta property=\"og:locale\" content=\"en_US\" \/>\n<meta property=\"og:type\" content=\"article\" \/>\n<meta property=\"og:title\" content=\"Research - \u00dastav procesn\u00edho in\u017een\u00fdrstv\u00ed\" \/>\n<meta property=\"og:description\" content=\"RESEARCH Orientation towards actual practice Research at the Institute is directed towards applied research which puts to use results of basic research and prioritizes development and actual implementation of knowledge. The process usually looks like this &nbsp; &nbsp; Research &#8220;from scratch to launch&#8221; An example from the food processing industry : &nbsp; Complex approach A\u00a0monograph&hellip;\" \/>\n<meta property=\"og:url\" content=\"https:\/\/upi.fme.vutbr.cz\/en\/research\/\" \/>\n<meta property=\"og:site_name\" content=\"\u00dastav procesn\u00edho in\u017een\u00fdrstv\u00ed\" \/>\n<meta property=\"article:modified_time\" content=\"2022-01-31T13:55:48+00:00\" \/>\n<meta property=\"og:image\" content=\"https:\/\/upi.fme.vutbr.cz\/wp-content\/uploads\/2020\/02\/IMG_1993.png\" \/>\n<meta name=\"twitter:card\" content=\"summary_large_image\" \/>\n<meta name=\"twitter:label1\" content=\"Est. reading time\" \/>\n\t<meta name=\"twitter:data1\" content=\"1 minute\" \/>\n<script type=\"application\/ld+json\" class=\"yoast-schema-graph\">{\"@context\":\"https:\/\/schema.org\",\"@graph\":[{\"@type\":\"WebPage\",\"@id\":\"https:\/\/upi.fme.vutbr.cz\/en\/research\/\",\"url\":\"https:\/\/upi.fme.vutbr.cz\/en\/research\/\",\"name\":\"Research - \u00dastav procesn\u00edho in\u017een\u00fdrstv\u00ed\",\"isPartOf\":{\"@id\":\"https:\/\/upi.fme.vutbr.cz\/en\/#website\"},\"primaryImageOfPage\":{\"@id\":\"https:\/\/upi.fme.vutbr.cz\/en\/research\/#primaryimage\"},\"image\":{\"@id\":\"https:\/\/upi.fme.vutbr.cz\/en\/research\/#primaryimage\"},\"thumbnailUrl\":\"https:\/\/upi.fme.vutbr.cz\/wp-content\/uploads\/2020\/02\/IMG_1993.png\",\"datePublished\":\"2019-10-22T13:52:43+00:00\",\"dateModified\":\"2022-01-31T13:55:48+00:00\",\"breadcrumb\":{\"@id\":\"https:\/\/upi.fme.vutbr.cz\/en\/research\/#breadcrumb\"},\"inLanguage\":\"en-US\",\"potentialAction\":[{\"@type\":\"ReadAction\",\"target\":[\"https:\/\/upi.fme.vutbr.cz\/en\/research\/\"]}]},{\"@type\":\"ImageObject\",\"inLanguage\":\"en-US\",\"@id\":\"https:\/\/upi.fme.vutbr.cz\/en\/research\/#primaryimage\",\"url\":\"https:\/\/upi.fme.vutbr.cz\/wp-content\/uploads\/2020\/02\/IMG_1993.png\",\"contentUrl\":\"https:\/\/upi.fme.vutbr.cz\/wp-content\/uploads\/2020\/02\/IMG_1993.png\"},{\"@type\":\"BreadcrumbList\",\"@id\":\"https:\/\/upi.fme.vutbr.cz\/en\/research\/#breadcrumb\",\"itemListElement\":[{\"@type\":\"ListItem\",\"position\":1,\"name\":\"Home\",\"item\":\"https:\/\/upi.fme.vutbr.cz\/en\/\"},{\"@type\":\"ListItem\",\"position\":2,\"name\":\"Research\"}]},{\"@type\":\"WebSite\",\"@id\":\"https:\/\/upi.fme.vutbr.cz\/en\/#website\",\"url\":\"https:\/\/upi.fme.vutbr.cz\/en\/\",\"name\":\"\u00dastav procesn\u00edho in\u017een\u00fdrstv\u00ed\",\"description\":\"\u00dastav procesn\u00edho in\u017een\u00fdrstv\u00ed\",\"potentialAction\":[{\"@type\":\"SearchAction\",\"target\":{\"@type\":\"EntryPoint\",\"urlTemplate\":\"https:\/\/upi.fme.vutbr.cz\/en\/?s={search_term_string}\"},\"query-input\":{\"@type\":\"PropertyValueSpecification\",\"valueRequired\":true,\"valueName\":\"search_term_string\"}}],\"inLanguage\":\"en-US\"}]}<\/script>\n<!-- \/ Yoast SEO plugin. -->","yoast_head_json":{"title":"Research - \u00dastav procesn\u00edho in\u017een\u00fdrstv\u00ed","robots":{"index":"index","follow":"follow","max-snippet":"max-snippet:-1","max-image-preview":"max-image-preview:large","max-video-preview":"max-video-preview:-1"},"canonical":"https:\/\/upi.fme.vutbr.cz\/en\/research\/","og_locale":"en_US","og_type":"article","og_title":"Research - \u00dastav procesn\u00edho in\u017een\u00fdrstv\u00ed","og_description":"RESEARCH Orientation towards actual practice Research at the Institute is directed towards applied research which puts to use results of basic research and prioritizes development and actual implementation of knowledge. The process usually looks like this &nbsp; &nbsp; Research &#8220;from scratch to launch&#8221; An example from the food processing industry : &nbsp; Complex approach A\u00a0monograph&hellip;","og_url":"https:\/\/upi.fme.vutbr.cz\/en\/research\/","og_site_name":"\u00dastav procesn\u00edho in\u017een\u00fdrstv\u00ed","article_modified_time":"2022-01-31T13:55:48+00:00","og_image":[{"url":"https:\/\/upi.fme.vutbr.cz\/wp-content\/uploads\/2020\/02\/IMG_1993.png","type":"","width":"","height":""}],"twitter_card":"summary_large_image","twitter_misc":{"Est. reading time":"1 minute"},"schema":{"@context":"https:\/\/schema.org","@graph":[{"@type":"WebPage","@id":"https:\/\/upi.fme.vutbr.cz\/en\/research\/","url":"https:\/\/upi.fme.vutbr.cz\/en\/research\/","name":"Research - \u00dastav procesn\u00edho in\u017een\u00fdrstv\u00ed","isPartOf":{"@id":"https:\/\/upi.fme.vutbr.cz\/en\/#website"},"primaryImageOfPage":{"@id":"https:\/\/upi.fme.vutbr.cz\/en\/research\/#primaryimage"},"image":{"@id":"https:\/\/upi.fme.vutbr.cz\/en\/research\/#primaryimage"},"thumbnailUrl":"https:\/\/upi.fme.vutbr.cz\/wp-content\/uploads\/2020\/02\/IMG_1993.png","datePublished":"2019-10-22T13:52:43+00:00","dateModified":"2022-01-31T13:55:48+00:00","breadcrumb":{"@id":"https:\/\/upi.fme.vutbr.cz\/en\/research\/#breadcrumb"},"inLanguage":"en-US","potentialAction":[{"@type":"ReadAction","target":["https:\/\/upi.fme.vutbr.cz\/en\/research\/"]}]},{"@type":"ImageObject","inLanguage":"en-US","@id":"https:\/\/upi.fme.vutbr.cz\/en\/research\/#primaryimage","url":"https:\/\/upi.fme.vutbr.cz\/wp-content\/uploads\/2020\/02\/IMG_1993.png","contentUrl":"https:\/\/upi.fme.vutbr.cz\/wp-content\/uploads\/2020\/02\/IMG_1993.png"},{"@type":"BreadcrumbList","@id":"https:\/\/upi.fme.vutbr.cz\/en\/research\/#breadcrumb","itemListElement":[{"@type":"ListItem","position":1,"name":"Home","item":"https:\/\/upi.fme.vutbr.cz\/en\/"},{"@type":"ListItem","position":2,"name":"Research"}]},{"@type":"WebSite","@id":"https:\/\/upi.fme.vutbr.cz\/en\/#website","url":"https:\/\/upi.fme.vutbr.cz\/en\/","name":"\u00dastav procesn\u00edho in\u017een\u00fdrstv\u00ed","description":"\u00dastav procesn\u00edho in\u017een\u00fdrstv\u00ed","potentialAction":[{"@type":"SearchAction","target":{"@type":"EntryPoint","urlTemplate":"https:\/\/upi.fme.vutbr.cz\/en\/?s={search_term_string}"},"query-input":{"@type":"PropertyValueSpecification","valueRequired":true,"valueName":"search_term_string"}}],"inLanguage":"en-US"}]}},"_links":{"self":[{"href":"https:\/\/upi.fme.vutbr.cz\/en\/wp-json\/wp\/v2\/pages\/1887","targetHints":{"allow":["GET"]}}],"collection":[{"href":"https:\/\/upi.fme.vutbr.cz\/en\/wp-json\/wp\/v2\/pages"}],"about":[{"href":"https:\/\/upi.fme.vutbr.cz\/en\/wp-json\/wp\/v2\/types\/page"}],"author":[{"embeddable":true,"href":"https:\/\/upi.fme.vutbr.cz\/en\/wp-json\/wp\/v2\/users\/1"}],"replies":[{"embeddable":true,"href":"https:\/\/upi.fme.vutbr.cz\/en\/wp-json\/wp\/v2\/comments?post=1887"}],"version-history":[{"count":4,"href":"https:\/\/upi.fme.vutbr.cz\/en\/wp-json\/wp\/v2\/pages\/1887\/revisions"}],"predecessor-version":[{"id":3308,"href":"https:\/\/upi.fme.vutbr.cz\/en\/wp-json\/wp\/v2\/pages\/1887\/revisions\/3308"}],"wp:attachment":[{"href":"https:\/\/upi.fme.vutbr.cz\/en\/wp-json\/wp\/v2\/media?parent=1887"}],"curies":[{"name":"wp","href":"https:\/\/api.w.org\/{rel}","templated":true}]}}