{"id":1755,"date":"2019-10-21T22:53:50","date_gmt":"2019-10-21T20:53:50","guid":{"rendered":"https:\/\/upi.fme.vutbr.cz\/activities\/"},"modified":"2019-10-23T00:26:12","modified_gmt":"2019-10-22T22:26:12","slug":"activities","status":"publish","type":"page","link":"https:\/\/upi.fme.vutbr.cz\/en\/activities\/","title":{"rendered":"Activities"},"content":{"rendered":"\n\t<span><span><a href=\"https:\/\/upi.fme.vutbr.cz\/en\/\">Home<\/a><\/span><\/span>\n<h1>\n\t\tACTIVITIES\n\t<\/h1>\n\t<p>Specialized research groups of the Institute were established quite naturally on the basis of executing prestigious strategic projects (e.g.\u00a0<a href=\"https:\/\/upi.fme.vutbr.cz\/en\/research\/research-projects\/\">research plan<\/a>,\u00a0<a href=\"https:\/\/upi.fme.vutbr.cz\/veda-vyzkum\/npu\/\">national research plan<\/a>,\u00a0<a href=\"http:\/\/new.netme.cz\/\">NETME Centre<\/a>,\u00a0<a href=\"https:\/\/upi.fme.vutbr.cz\/veda-vyzkum\/centrum-kompetence-pro-energeticke-vyuziti-odpadu\/\">Waste-to-Energy (WtE) Competence Centre<\/a>), core research and teaching activities and cooperation with industrial and municipal partners. The groups cover a\u00a0range of research domains and provide teaching of relevant subjects.<\/p>\n<p>Activities of the individual research groups of the Institute cooperate intensively, which enables to carry out even large research or commercial projects.<\/p>\n\t<meta itemscope itemprop=\"mainEntityOfPage\" itemtype=\"https:\/\/schema.org\/WebPage\" itemid=\"https:\/\/upi.fme.vutbr.cz\/en\/pro_komercni_partner\/energy-and-simulation\/\" content=\"Energy and Simulation\" \/><meta itemprop=\"datePublished\" content=\"2019-10-21\" \/><meta itemprop=\"dateModified\" content=\"2019-10-22\" \/><meta itemprop=\"name\" content=\"Fakulta Strojn\u00edho In\u017een\u00fdrstv\u00ed\"><meta itemprop=\"url\" content=\"https:\/\/upi.fme.vutbr.cz\/en\/author\/\" \/><meta itemprop=\"name\" content=\"\" \/><meta itemprop=\"interactionType\" content=\"https:\/\/schema.org\/CommentAction\" \/><meta itemprop=\"userInteractionCount\" content=\"0\" \/>\n\t\t\t<a href=\"https:\/\/upi.fme.vutbr.cz\/en\/pro_komercni_partner\/energy-and-simulation\/\"><\/a>\n\t\t\t\t\t\t\t\t\t\t<img decoding=\"async\" src=\"https:\/\/upi.fme.vutbr.cz\/wp-content\/uploads\/2019\/10\/energy-simulations-1.png\" alt=\"Energy and Simulation\" \/>\n\t\t\t\t\t\t\t<h3 itemprop=\"headline\">\n\t\t\t\t\t\t\t\t\t\t\t\tEnergy and Simulation\t\t\t\t\t\t\t\t\t<\/h3>\n    Activities covered by our group are focused on an actual topic of effective utilisation of waste and energy in the field of municipal and small industry energy-provision sector:\n\t<meta itemscope itemprop=\"mainEntityOfPage\" itemtype=\"https:\/\/schema.org\/WebPage\" itemid=\"https:\/\/upi.fme.vutbr.cz\/en\/pro_komercni_partner\/energy-efficiency-in-industrial-processes\/\" content=\"Energy Efficiency in Industrial Processes\" \/><meta itemprop=\"datePublished\" content=\"2019-10-22\" \/><meta itemprop=\"dateModified\" content=\"2019-10-22\" \/><meta itemprop=\"name\" content=\"Fakulta Strojn\u00edho In\u017een\u00fdrstv\u00ed\"><meta itemprop=\"url\" content=\"https:\/\/upi.fme.vutbr.cz\/en\/author\/\" \/><meta itemprop=\"name\" content=\"\" \/><meta itemprop=\"url\" content=\"https:\/\/upi.fme.vutbr.cz\/wp-content\/uploads\/2019\/10\/ilustrace_laborator_energeticky_narocnych_procesu-1.jpg\" \/><meta itemprop=\"width\" content=\"650\" \/><meta itemprop=\"height\" content=\"250\" \/><meta itemprop=\"interactionType\" content=\"https:\/\/schema.org\/CommentAction\" \/><meta itemprop=\"userInteractionCount\" content=\"0\" \/>\n\t\t\t<a href=\"https:\/\/upi.fme.vutbr.cz\/en\/pro_komercni_partner\/energy-efficiency-in-industrial-processes\/\"><\/a>\n\t\t\t\t<img loading=\"lazy\" decoding=\"async\" src=\"https:\/\/upi.fme.vutbr.cz\/wp-content\/uploads\/bb-plugin\/cache\/ilustrace_laborator_energeticky_narocnych_procesu-1-square.jpg\" alt=\"ilustrace_laborator_energeticky_narocnych_procesu-1\" itemprop=\"image\" data-no-lazy=\"1\" height=\"250\" width=\"650\" title=\"ilustrace_laborator_energeticky_narocnych_procesu-1\" onerror=\"this.style.display='none'\"  \/>\n\t\t\t\t\t\t\t<h3 itemprop=\"headline\">\n\t\t\t\t\t\t\t\t\t\t\t\tEnergy Efficiency in Industrial Processes\t\t\t\t\t\t\t\t\t<\/h3>\n    Complex analysis of the energy intensity of commercial and industrial processes (energy audits). Testing appliances to evaluate their efficiency and other operational characteristics&#8230;\n\t<meta itemscope itemprop=\"mainEntityOfPage\" itemtype=\"https:\/\/schema.org\/WebPage\" itemid=\"https:\/\/upi.fme.vutbr.cz\/en\/pro_komercni_partner\/thermal-processes-and-gas-cleaning\/\" content=\"Thermal processes and gas cleaning\" \/><meta itemprop=\"datePublished\" content=\"2019-10-22\" \/><meta itemprop=\"dateModified\" content=\"2019-10-22\" \/><meta itemprop=\"name\" content=\"Fakulta Strojn\u00edho In\u017een\u00fdrstv\u00ed\"><meta itemprop=\"url\" content=\"https:\/\/upi.fme.vutbr.cz\/en\/author\/\" \/><meta itemprop=\"name\" content=\"\" \/><meta itemprop=\"interactionType\" content=\"https:\/\/schema.org\/CommentAction\" \/><meta itemprop=\"userInteractionCount\" content=\"0\" \/>\n\t\t\t<a href=\"https:\/\/upi.fme.vutbr.cz\/en\/pro_komercni_partner\/thermal-processes-and-gas-cleaning\/\"><\/a>\n\t\t\t\t\t\t\t\t\t\t<img decoding=\"async\" src=\"https:\/\/upi.fme.vutbr.cz\/wp-content\/uploads\/2019\/10\/zkusebna_horaku_pohled1-2.jpg\" alt=\"Thermal processes and gas cleaning\" \/>\n\t\t\t\t\t\t\t<h3 itemprop=\"headline\">\n\t\t\t\t\t\t\t\t\t\t\t\tThermal processes and gas cleaning\t\t\t\t\t\t\t\t\t<\/h3>\n    Our activities cover three different areas, namely the area of thermal processes, the area of gas cleaning technologies and the area of alternative fuels usage.\n\t<meta itemscope itemprop=\"mainEntityOfPage\" itemtype=\"https:\/\/schema.org\/WebPage\" itemid=\"https:\/\/upi.fme.vutbr.cz\/en\/pro_komercni_partner\/computational-fluid-dynamics\/\" content=\"Computational Fluid Dynamics\" \/><meta itemprop=\"datePublished\" content=\"2019-10-22\" \/><meta itemprop=\"dateModified\" content=\"2019-10-22\" \/><meta itemprop=\"name\" content=\"Fakulta Strojn\u00edho In\u017een\u00fdrstv\u00ed\"><meta itemprop=\"url\" content=\"https:\/\/upi.fme.vutbr.cz\/en\/author\/\" \/><meta itemprop=\"name\" content=\"\" \/><meta itemprop=\"url\" content=\"https:\/\/upi.fme.vutbr.cz\/wp-content\/uploads\/2019\/10\/komora_plamen_zezadu_sm-1.png\" \/><meta itemprop=\"width\" content=\"650\" \/><meta itemprop=\"height\" content=\"250\" \/><meta itemprop=\"interactionType\" content=\"https:\/\/schema.org\/CommentAction\" \/><meta itemprop=\"userInteractionCount\" content=\"0\" \/>\n\t\t\t<a href=\"https:\/\/upi.fme.vutbr.cz\/en\/pro_komercni_partner\/computational-fluid-dynamics\/\"><\/a>\n\t\t\t\t<img loading=\"lazy\" decoding=\"async\" src=\"https:\/\/upi.fme.vutbr.cz\/wp-content\/uploads\/bb-plugin\/cache\/komora_plamen_zezadu_sm-1-square.png\" alt=\"komora_plamen_zezadu_sm-1\" itemprop=\"image\" data-no-lazy=\"1\" height=\"250\" width=\"650\" title=\"komora_plamen_zezadu_sm-1\" onerror=\"this.style.display='none'\"  \/>\n\t\t\t\t\t\t\t<h3 itemprop=\"headline\">\n\t\t\t\t\t\t\t\t\t\t\t\tComputational Fluid Dynamics\t\t\t\t\t\t\t\t\t<\/h3>\n    The group focuses on computational modelling of fluid dynamics (CFD) and reaches out to many connected areas. We deal with a wide scope of applications:\n\t<meta itemscope itemprop=\"mainEntityOfPage\" itemtype=\"https:\/\/schema.org\/WebPage\" itemid=\"https:\/\/upi.fme.vutbr.cz\/en\/pro_komercni_partner\/design-of-equipment\/\" content=\"Design of Equipment\" \/><meta itemprop=\"datePublished\" content=\"2019-10-22\" \/><meta itemprop=\"dateModified\" content=\"2019-10-22\" \/><meta itemprop=\"name\" content=\"Fakulta Strojn\u00edho In\u017een\u00fdrstv\u00ed\"><meta itemprop=\"url\" content=\"https:\/\/upi.fme.vutbr.cz\/en\/author\/\" \/><meta itemprop=\"name\" content=\"\" \/><meta itemprop=\"url\" content=\"https:\/\/upi.fme.vutbr.cz\/wp-content\/uploads\/2019\/10\/cepro_most_shell_render4w650-1.png\" \/><meta itemprop=\"width\" content=\"650\" \/><meta itemprop=\"height\" content=\"370\" \/><meta itemprop=\"interactionType\" content=\"https:\/\/schema.org\/CommentAction\" \/><meta itemprop=\"userInteractionCount\" content=\"0\" \/>\n\t\t\t<a href=\"https:\/\/upi.fme.vutbr.cz\/en\/pro_komercni_partner\/design-of-equipment\/\"><\/a>\n\t\t\t\t<img loading=\"lazy\" decoding=\"async\" src=\"https:\/\/upi.fme.vutbr.cz\/wp-content\/uploads\/bb-plugin\/cache\/cepro_most_shell_render4w650-1-square.png\" alt=\"cepro_most_shell_render4w650-1\" itemprop=\"image\" data-no-lazy=\"1\" height=\"370\" width=\"650\" title=\"cepro_most_shell_render4w650-1\" onerror=\"this.style.display='none'\"  \/>\n\t\t\t\t\t\t\t<h3 itemprop=\"headline\">\n\t\t\t\t\t\t\t\t\t\t\t\tDesign of Equipment\t\t\t\t\t\t\t\t\t<\/h3>\n    The group is focused on design and evaluation of process equipment in terms of strength and lifetime according to legislation and standards.\n\t<meta itemscope itemprop=\"mainEntityOfPage\" itemtype=\"https:\/\/schema.org\/WebPage\" itemid=\"https:\/\/upi.fme.vutbr.cz\/en\/pro_komercni_partner\/design-and-simulation-of-heat-transfer-equipment-and-processes\/\" content=\"Design and Simulation of Heat Transfer Equipment and Processes\" \/><meta itemprop=\"datePublished\" content=\"2019-10-22\" \/><meta itemprop=\"dateModified\" content=\"2019-10-22\" \/><meta itemprop=\"name\" content=\"Fakulta Strojn\u00edho In\u017een\u00fdrstv\u00ed\"><meta itemprop=\"url\" content=\"https:\/\/upi.fme.vutbr.cz\/en\/author\/\" \/><meta itemprop=\"name\" content=\"\" \/><meta itemprop=\"url\" content=\"https:\/\/upi.fme.vutbr.cz\/wp-content\/uploads\/2019\/10\/ilustrace_sekce_jegla-1.jpg\" \/><meta itemprop=\"width\" content=\"650\" \/><meta itemprop=\"height\" content=\"250\" \/><meta itemprop=\"interactionType\" content=\"https:\/\/schema.org\/CommentAction\" \/><meta itemprop=\"userInteractionCount\" content=\"0\" \/>\n\t\t\t<a href=\"https:\/\/upi.fme.vutbr.cz\/en\/pro_komercni_partner\/design-and-simulation-of-heat-transfer-equipment-and-processes\/\"><\/a>\n\t\t\t\t<img loading=\"lazy\" decoding=\"async\" src=\"https:\/\/upi.fme.vutbr.cz\/wp-content\/uploads\/bb-plugin\/cache\/ilustrace_sekce_jegla-1-square.jpg\" alt=\"ilustrace_sekce_jegla-1\" itemprop=\"image\" data-no-lazy=\"1\" height=\"250\" width=\"650\" title=\"ilustrace_sekce_jegla-1\" onerror=\"this.style.display='none'\"  \/>\n\t\t\t\t\t\t\t<h3 itemprop=\"headline\">\n\t\t\t\t\t\t\t\t\t\t\t\tDesign and Simulation of Heat Transfer Equipment and Processes\t\t\t\t\t\t\t\t\t<\/h3>\n    The activities focus on thermal-hydraulic design and simulations of heat transfer equipment and their systems for process and power industries. This primarily includes&#8230;\n\t\t\t\t\t\t\t\t\t\t<img decoding=\"async\" src=\"https:\/\/upi.fme.vutbr.cz\/wp-content\/uploads\/2019\/10\/logo_vut_fsi_en.png\" alt=\"logo_vut_fsi_en\" itemprop=\"image\"  \/>\n\t\t\t\t\t<ul id=\"menu-pro-komercni-partnery-sidebar-en\"><li id=\"menu-item-1870\"><a href=\"https:\/\/upi.fme.vutbr.cz\/en\/kategorie\/energy-and-simulation\/\">Energy and Simulation<\/a>\n<ul>\n\t<li id=\"menu-item-1861\"><a href=\"https:\/\/upi.fme.vutbr.cz\/en\/pro_komercni_partner\/developed-tools-and-software\/\">Developed tools and software<\/a><\/li>\n<\/ul>\n<\/li>\n<li id=\"menu-item-1866\"><a href=\"https:\/\/upi.fme.vutbr.cz\/en\/pro_komercni_partner\/energy-efficiency-in-industrial-processes\/\">Energy Efficiency in Industrial Processes<\/a><\/li>\n<li id=\"menu-item-1867\"><a href=\"https:\/\/upi.fme.vutbr.cz\/en\/kategorie\/thermal-processes-and-gas-cleaning\/\">Thermal Processes and Gas Cleaning<\/a>\n<ul>\n\t<li id=\"menu-item-1860\"><a href=\"https:\/\/upi.fme.vutbr.cz\/en\/pro_komercni_partner\/research-and-development\/\">Research and Development<\/a><\/li>\n\t<li id=\"menu-item-1859\"><a href=\"https:\/\/upi.fme.vutbr.cz\/en\/pro_komercni_partner\/commercial-services\/\">Commercial services<\/a><\/li>\n\t<li id=\"menu-item-1858\"><a href=\"https:\/\/upi.fme.vutbr.cz\/en\/pro_komercni_partner\/theses\/\">Theses<\/a><\/li>\n<\/ul>\n<\/li>\n<li id=\"menu-item-1864\"><a href=\"https:\/\/upi.fme.vutbr.cz\/en\/pro_komercni_partner\/computational-fluid-dynamics\/\">Computational Fluid Dynamics<\/a>\n<ul>\n\t<li id=\"menu-item-1857\"><a href=\"https:\/\/upi.fme.vutbr.cz\/en\/pro_komercni_partner\/application-areas\/\">Application Areas<\/a><\/li>\n\t<li id=\"menu-item-1856\"><a href=\"https:\/\/upi.fme.vutbr.cz\/en\/pro_komercni_partner\/commercial-services-2\/\">Commercial Services<\/a><\/li>\n<\/ul>\n<\/li>\n<li id=\"menu-item-1868\"><a href=\"https:\/\/upi.fme.vutbr.cz\/en\/kategorie\/design-of-equipment\/\">Design of Equipment<\/a>\n<ul>\n\t<li id=\"menu-item-1855\"><a href=\"https:\/\/upi.fme.vutbr.cz\/en\/pro_komercni_partner\/research-and-development-2\/\">Research and Development<\/a><\/li>\n\t<li id=\"menu-item-1854\"><a href=\"https:\/\/upi.fme.vutbr.cz\/en\/pro_komercni_partner\/commercial-services-3\/\">Commercial Services<\/a><\/li>\n\t<li id=\"menu-item-1853\"><a href=\"https:\/\/upi.fme.vutbr.cz\/en\/pro_komercni_partner\/final-theses\/\">Final Theses<\/a><\/li>\n<\/ul>\n<\/li>\n<li id=\"menu-item-1862\"><a href=\"https:\/\/upi.fme.vutbr.cz\/en\/pro_komercni_partner\/design-and-simulation-of-heat-transfer-equipment-and-processes\/\">Design and Simulation of Heat Transfer Equipment and Processes<\/a>\n<ul>\n\t<li id=\"menu-item-1852\"><a href=\"https:\/\/upi.fme.vutbr.cz\/en\/pro_komercni_partner\/references\/\">References<\/a><\/li>\n<\/ul>\n<\/li>\n<\/ul>\t\n\t\t<blockquote cite=\"https:\/\/www.facebook.com\/upibrno\/\"><a href=\"https:\/\/www.facebook.com\/upibrno\/\"><\/a><\/blockquote>\n","protected":false},"excerpt":{"rendered":"<p>ACTIVITIES Specialized research groups of the Institute were established quite naturally on the basis of executing prestigious strategic projects (e.g.\u00a0research plan,\u00a0national research plan,\u00a0NETME Centre,\u00a0Waste-to-Energy (WtE) Competence Centre), core research and teaching activities and cooperation with industrial and municipal partners. The groups cover a\u00a0range of research domains and provide teaching of relevant subjects. Activities of the&hellip;<\/p>\n","protected":false},"author":1,"featured_media":0,"parent":0,"menu_order":0,"comment_status":"closed","ping_status":"closed","template":"","meta":{"_acf_changed":false,"footnotes":""},"class_list":["post-1755","page","type-page","status-publish","hentry"],"acf":[],"yoast_head":"<!-- This site is optimized with the Yoast SEO plugin v24.5 - https:\/\/yoast.com\/wordpress\/plugins\/seo\/ -->\n<title>Activities - \u00dastav procesn\u00edho in\u017een\u00fdrstv\u00ed<\/title>\n<meta name=\"robots\" content=\"index, follow, max-snippet:-1, max-image-preview:large, max-video-preview:-1\" \/>\n<link rel=\"canonical\" href=\"https:\/\/upi.fme.vutbr.cz\/en\/activities\/\" \/>\n<meta property=\"og:locale\" content=\"en_US\" \/>\n<meta property=\"og:type\" content=\"article\" \/>\n<meta property=\"og:title\" content=\"Activities - \u00dastav procesn\u00edho in\u017een\u00fdrstv\u00ed\" \/>\n<meta property=\"og:description\" content=\"ACTIVITIES Specialized research groups of the Institute were established quite naturally on the basis of executing prestigious strategic projects (e.g.\u00a0research plan,\u00a0national research plan,\u00a0NETME Centre,\u00a0Waste-to-Energy (WtE) Competence Centre), core research and teaching activities and cooperation with industrial and municipal partners. The groups cover a\u00a0range of research domains and provide teaching of relevant subjects. Activities of the&hellip;\" \/>\n<meta property=\"og:url\" content=\"https:\/\/upi.fme.vutbr.cz\/en\/activities\/\" \/>\n<meta property=\"og:site_name\" content=\"\u00dastav procesn\u00edho in\u017een\u00fdrstv\u00ed\" \/>\n<meta property=\"article:modified_time\" content=\"2019-10-22T22:26:12+00:00\" \/>\n<meta property=\"og:image\" content=\"https:\/\/upi.fme.vutbr.cz\/wp-content\/uploads\/2019\/10\/energy-simulations-1.png\" \/>\n<meta name=\"twitter:card\" content=\"summary_large_image\" \/>\n<meta name=\"twitter:label1\" content=\"Est. reading time\" \/>\n\t<meta name=\"twitter:data1\" content=\"2 minutes\" \/>\n<script type=\"application\/ld+json\" class=\"yoast-schema-graph\">{\"@context\":\"https:\/\/schema.org\",\"@graph\":[{\"@type\":\"WebPage\",\"@id\":\"https:\/\/upi.fme.vutbr.cz\/en\/activities\/\",\"url\":\"https:\/\/upi.fme.vutbr.cz\/en\/activities\/\",\"name\":\"Activities - \u00dastav procesn\u00edho in\u017een\u00fdrstv\u00ed\",\"isPartOf\":{\"@id\":\"https:\/\/upi.fme.vutbr.cz\/en\/#website\"},\"primaryImageOfPage\":{\"@id\":\"https:\/\/upi.fme.vutbr.cz\/en\/activities\/#primaryimage\"},\"image\":{\"@id\":\"https:\/\/upi.fme.vutbr.cz\/en\/activities\/#primaryimage\"},\"thumbnailUrl\":\"https:\/\/upi.fme.vutbr.cz\/wp-content\/uploads\/2019\/10\/energy-simulations-1.png\",\"datePublished\":\"2019-10-21T20:53:50+00:00\",\"dateModified\":\"2019-10-22T22:26:12+00:00\",\"breadcrumb\":{\"@id\":\"https:\/\/upi.fme.vutbr.cz\/en\/activities\/#breadcrumb\"},\"inLanguage\":\"en-US\",\"potentialAction\":[{\"@type\":\"ReadAction\",\"target\":[\"https:\/\/upi.fme.vutbr.cz\/en\/activities\/\"]}]},{\"@type\":\"ImageObject\",\"inLanguage\":\"en-US\",\"@id\":\"https:\/\/upi.fme.vutbr.cz\/en\/activities\/#primaryimage\",\"url\":\"https:\/\/upi.fme.vutbr.cz\/wp-content\/uploads\/2019\/10\/energy-simulations-1.png\",\"contentUrl\":\"https:\/\/upi.fme.vutbr.cz\/wp-content\/uploads\/2019\/10\/energy-simulations-1.png\"},{\"@type\":\"BreadcrumbList\",\"@id\":\"https:\/\/upi.fme.vutbr.cz\/en\/activities\/#breadcrumb\",\"itemListElement\":[{\"@type\":\"ListItem\",\"position\":1,\"name\":\"Home\",\"item\":\"https:\/\/upi.fme.vutbr.cz\/en\/\"},{\"@type\":\"ListItem\",\"position\":2,\"name\":\"Activities\"}]},{\"@type\":\"WebSite\",\"@id\":\"https:\/\/upi.fme.vutbr.cz\/en\/#website\",\"url\":\"https:\/\/upi.fme.vutbr.cz\/en\/\",\"name\":\"\u00dastav procesn\u00edho in\u017een\u00fdrstv\u00ed\",\"description\":\"\u00dastav procesn\u00edho in\u017een\u00fdrstv\u00ed\",\"potentialAction\":[{\"@type\":\"SearchAction\",\"target\":{\"@type\":\"EntryPoint\",\"urlTemplate\":\"https:\/\/upi.fme.vutbr.cz\/en\/?s={search_term_string}\"},\"query-input\":{\"@type\":\"PropertyValueSpecification\",\"valueRequired\":true,\"valueName\":\"search_term_string\"}}],\"inLanguage\":\"en-US\"}]}<\/script>\n<!-- \/ Yoast SEO plugin. -->","yoast_head_json":{"title":"Activities - \u00dastav procesn\u00edho in\u017een\u00fdrstv\u00ed","robots":{"index":"index","follow":"follow","max-snippet":"max-snippet:-1","max-image-preview":"max-image-preview:large","max-video-preview":"max-video-preview:-1"},"canonical":"https:\/\/upi.fme.vutbr.cz\/en\/activities\/","og_locale":"en_US","og_type":"article","og_title":"Activities - \u00dastav procesn\u00edho in\u017een\u00fdrstv\u00ed","og_description":"ACTIVITIES Specialized research groups of the Institute were established quite naturally on the basis of executing prestigious strategic projects (e.g.\u00a0research plan,\u00a0national research plan,\u00a0NETME Centre,\u00a0Waste-to-Energy (WtE) Competence Centre), core research and teaching activities and cooperation with industrial and municipal partners. The groups cover a\u00a0range of research domains and provide teaching of relevant subjects. Activities of the&hellip;","og_url":"https:\/\/upi.fme.vutbr.cz\/en\/activities\/","og_site_name":"\u00dastav procesn\u00edho in\u017een\u00fdrstv\u00ed","article_modified_time":"2019-10-22T22:26:12+00:00","og_image":[{"url":"https:\/\/upi.fme.vutbr.cz\/wp-content\/uploads\/2019\/10\/energy-simulations-1.png","type":"","width":"","height":""}],"twitter_card":"summary_large_image","twitter_misc":{"Est. reading time":"2 minutes"},"schema":{"@context":"https:\/\/schema.org","@graph":[{"@type":"WebPage","@id":"https:\/\/upi.fme.vutbr.cz\/en\/activities\/","url":"https:\/\/upi.fme.vutbr.cz\/en\/activities\/","name":"Activities - \u00dastav procesn\u00edho in\u017een\u00fdrstv\u00ed","isPartOf":{"@id":"https:\/\/upi.fme.vutbr.cz\/en\/#website"},"primaryImageOfPage":{"@id":"https:\/\/upi.fme.vutbr.cz\/en\/activities\/#primaryimage"},"image":{"@id":"https:\/\/upi.fme.vutbr.cz\/en\/activities\/#primaryimage"},"thumbnailUrl":"https:\/\/upi.fme.vutbr.cz\/wp-content\/uploads\/2019\/10\/energy-simulations-1.png","datePublished":"2019-10-21T20:53:50+00:00","dateModified":"2019-10-22T22:26:12+00:00","breadcrumb":{"@id":"https:\/\/upi.fme.vutbr.cz\/en\/activities\/#breadcrumb"},"inLanguage":"en-US","potentialAction":[{"@type":"ReadAction","target":["https:\/\/upi.fme.vutbr.cz\/en\/activities\/"]}]},{"@type":"ImageObject","inLanguage":"en-US","@id":"https:\/\/upi.fme.vutbr.cz\/en\/activities\/#primaryimage","url":"https:\/\/upi.fme.vutbr.cz\/wp-content\/uploads\/2019\/10\/energy-simulations-1.png","contentUrl":"https:\/\/upi.fme.vutbr.cz\/wp-content\/uploads\/2019\/10\/energy-simulations-1.png"},{"@type":"BreadcrumbList","@id":"https:\/\/upi.fme.vutbr.cz\/en\/activities\/#breadcrumb","itemListElement":[{"@type":"ListItem","position":1,"name":"Home","item":"https:\/\/upi.fme.vutbr.cz\/en\/"},{"@type":"ListItem","position":2,"name":"Activities"}]},{"@type":"WebSite","@id":"https:\/\/upi.fme.vutbr.cz\/en\/#website","url":"https:\/\/upi.fme.vutbr.cz\/en\/","name":"\u00dastav procesn\u00edho in\u017een\u00fdrstv\u00ed","description":"\u00dastav procesn\u00edho in\u017een\u00fdrstv\u00ed","potentialAction":[{"@type":"SearchAction","target":{"@type":"EntryPoint","urlTemplate":"https:\/\/upi.fme.vutbr.cz\/en\/?s={search_term_string}"},"query-input":{"@type":"PropertyValueSpecification","valueRequired":true,"valueName":"search_term_string"}}],"inLanguage":"en-US"}]}},"_links":{"self":[{"href":"https:\/\/upi.fme.vutbr.cz\/en\/wp-json\/wp\/v2\/pages\/1755","targetHints":{"allow":["GET"]}}],"collection":[{"href":"https:\/\/upi.fme.vutbr.cz\/en\/wp-json\/wp\/v2\/pages"}],"about":[{"href":"https:\/\/upi.fme.vutbr.cz\/en\/wp-json\/wp\/v2\/types\/page"}],"author":[{"embeddable":true,"href":"https:\/\/upi.fme.vutbr.cz\/en\/wp-json\/wp\/v2\/users\/1"}],"replies":[{"embeddable":true,"href":"https:\/\/upi.fme.vutbr.cz\/en\/wp-json\/wp\/v2\/comments?post=1755"}],"version-history":[{"count":0,"href":"https:\/\/upi.fme.vutbr.cz\/en\/wp-json\/wp\/v2\/pages\/1755\/revisions"}],"wp:attachment":[{"href":"https:\/\/upi.fme.vutbr.cz\/en\/wp-json\/wp\/v2\/media?parent=1755"}],"curies":[{"name":"wp","href":"https:\/\/api.w.org\/{rel}","templated":true}]}}