{"id":1737,"date":"2019-10-21T18:04:58","date_gmt":"2019-10-21T16:04:58","guid":{"rendered":"https:\/\/upi.fme.vutbr.cz\/education\/"},"modified":"2023-02-02T20:03:54","modified_gmt":"2023-02-02T19:03:54","slug":"education-old","status":"publish","type":"page","link":"https:\/\/upi.fme.vutbr.cz\/en\/education-old\/","title":{"rendered":"Education old"},"content":{"rendered":"\n<span><span><a href=\"https:\/\/upi.fme.vutbr.cz\/en\/\">Home<\/a><\/span><\/span>\n<h1>\n\t\tEDUCATION\n\t<\/h1>\n\t<p>Our experience proves that each student should study for a&nbsp;master&#8217;s&nbsp;degree so that their chances in the job market are high (that is, the bachelor&#8217;s&nbsp;degree is not enough). Doctoral degree may then be a&nbsp;pleasant&nbsp;bonus.<\/p>\n<p>Several of the seminars taught at our Institute are in English and foreign students have expressed great interest in studying at our Institute (Germans, Italians, French, Poles, Portuguese, Spanish, Norwegians, Finnish, Swedes, and others). If you&#8217;re interested in studying in English, please contact the assistant of the Institute Director or the Director directly.<\/p>\n<p>More information about the bachelor&#8217;s, master&#8217;s&nbsp;and doctoral study programmes is available on the&nbsp;<a href=\"\/en?page_id=2523\">Czech version<\/a>&nbsp;of this&nbsp;page.<\/p>\n","protected":false},"excerpt":{"rendered":"<p>EDUCATION Our experience proves that each student should study for a&nbsp;master&#8217;s&nbsp;degree so that their chances in the job market are high (that is, the bachelor&#8217;s&nbsp;degree is not enough). Doctoral degree may then be a&nbsp;pleasant&nbsp;bonus. Several of the seminars taught at our Institute are in English and foreign students have expressed great interest in studying at&hellip;<\/p>\n","protected":false},"author":1,"featured_media":0,"parent":0,"menu_order":0,"comment_status":"closed","ping_status":"closed","template":"","meta":{"_acf_changed":false,"footnotes":""},"class_list":["post-1737","page","type-page","status-publish","hentry"],"acf":[],"yoast_head":"<!-- This site is optimized with the Yoast SEO plugin v24.5 - https:\/\/yoast.com\/wordpress\/plugins\/seo\/ -->\n<title>Education old - \u00dastav procesn\u00edho in\u017een\u00fdrstv\u00ed<\/title>\n<meta name=\"robots\" content=\"index, follow, max-snippet:-1, max-image-preview:large, max-video-preview:-1\" \/>\n<link rel=\"canonical\" href=\"https:\/\/upi.fme.vutbr.cz\/en\/education-old\/\" \/>\n<meta property=\"og:locale\" content=\"en_US\" \/>\n<meta property=\"og:type\" content=\"article\" \/>\n<meta property=\"og:title\" content=\"Education old - \u00dastav procesn\u00edho in\u017een\u00fdrstv\u00ed\" \/>\n<meta property=\"og:description\" content=\"EDUCATION Our experience proves that each student should study for a&nbsp;master&#8217;s&nbsp;degree so that their chances in the job market are high (that is, the bachelor&#8217;s&nbsp;degree is not enough). Doctoral degree may then be a&nbsp;pleasant&nbsp;bonus. Several of the seminars taught at our Institute are in English and foreign students have expressed great interest in studying at&hellip;\" \/>\n<meta property=\"og:url\" content=\"https:\/\/upi.fme.vutbr.cz\/en\/education-old\/\" \/>\n<meta property=\"og:site_name\" content=\"\u00dastav procesn\u00edho in\u017een\u00fdrstv\u00ed\" \/>\n<meta property=\"article:modified_time\" content=\"2023-02-02T19:03:54+00:00\" \/>\n<meta name=\"twitter:card\" content=\"summary_large_image\" \/>\n<meta name=\"twitter:label1\" content=\"Est. reading time\" \/>\n\t<meta name=\"twitter:data1\" content=\"1 minute\" \/>\n<script type=\"application\/ld+json\" class=\"yoast-schema-graph\">{\"@context\":\"https:\/\/schema.org\",\"@graph\":[{\"@type\":\"WebPage\",\"@id\":\"https:\/\/upi.fme.vutbr.cz\/en\/education-old\/\",\"url\":\"https:\/\/upi.fme.vutbr.cz\/en\/education-old\/\",\"name\":\"Education old - \u00dastav procesn\u00edho in\u017een\u00fdrstv\u00ed\",\"isPartOf\":{\"@id\":\"https:\/\/upi.fme.vutbr.cz\/en\/#website\"},\"datePublished\":\"2019-10-21T16:04:58+00:00\",\"dateModified\":\"2023-02-02T19:03:54+00:00\",\"breadcrumb\":{\"@id\":\"https:\/\/upi.fme.vutbr.cz\/en\/education-old\/#breadcrumb\"},\"inLanguage\":\"en-US\",\"potentialAction\":[{\"@type\":\"ReadAction\",\"target\":[\"https:\/\/upi.fme.vutbr.cz\/en\/education-old\/\"]}]},{\"@type\":\"BreadcrumbList\",\"@id\":\"https:\/\/upi.fme.vutbr.cz\/en\/education-old\/#breadcrumb\",\"itemListElement\":[{\"@type\":\"ListItem\",\"position\":1,\"name\":\"Home\",\"item\":\"https:\/\/upi.fme.vutbr.cz\/en\/\"},{\"@type\":\"ListItem\",\"position\":2,\"name\":\"Education old\"}]},{\"@type\":\"WebSite\",\"@id\":\"https:\/\/upi.fme.vutbr.cz\/en\/#website\",\"url\":\"https:\/\/upi.fme.vutbr.cz\/en\/\",\"name\":\"\u00dastav procesn\u00edho in\u017een\u00fdrstv\u00ed\",\"description\":\"\u00dastav procesn\u00edho in\u017een\u00fdrstv\u00ed\",\"potentialAction\":[{\"@type\":\"SearchAction\",\"target\":{\"@type\":\"EntryPoint\",\"urlTemplate\":\"https:\/\/upi.fme.vutbr.cz\/en\/?s={search_term_string}\"},\"query-input\":{\"@type\":\"PropertyValueSpecification\",\"valueRequired\":true,\"valueName\":\"search_term_string\"}}],\"inLanguage\":\"en-US\"}]}<\/script>\n<!-- \/ Yoast SEO plugin. -->","yoast_head_json":{"title":"Education old - \u00dastav procesn\u00edho in\u017een\u00fdrstv\u00ed","robots":{"index":"index","follow":"follow","max-snippet":"max-snippet:-1","max-image-preview":"max-image-preview:large","max-video-preview":"max-video-preview:-1"},"canonical":"https:\/\/upi.fme.vutbr.cz\/en\/education-old\/","og_locale":"en_US","og_type":"article","og_title":"Education old - \u00dastav procesn\u00edho in\u017een\u00fdrstv\u00ed","og_description":"EDUCATION Our experience proves that each student should study for a&nbsp;master&#8217;s&nbsp;degree so that their chances in the job market are high (that is, the bachelor&#8217;s&nbsp;degree is not enough). Doctoral degree may then be a&nbsp;pleasant&nbsp;bonus. Several of the seminars taught at our Institute are in English and foreign students have expressed great interest in studying at&hellip;","og_url":"https:\/\/upi.fme.vutbr.cz\/en\/education-old\/","og_site_name":"\u00dastav procesn\u00edho in\u017een\u00fdrstv\u00ed","article_modified_time":"2023-02-02T19:03:54+00:00","twitter_card":"summary_large_image","twitter_misc":{"Est. reading time":"1 minute"},"schema":{"@context":"https:\/\/schema.org","@graph":[{"@type":"WebPage","@id":"https:\/\/upi.fme.vutbr.cz\/en\/education-old\/","url":"https:\/\/upi.fme.vutbr.cz\/en\/education-old\/","name":"Education old - \u00dastav procesn\u00edho in\u017een\u00fdrstv\u00ed","isPartOf":{"@id":"https:\/\/upi.fme.vutbr.cz\/en\/#website"},"datePublished":"2019-10-21T16:04:58+00:00","dateModified":"2023-02-02T19:03:54+00:00","breadcrumb":{"@id":"https:\/\/upi.fme.vutbr.cz\/en\/education-old\/#breadcrumb"},"inLanguage":"en-US","potentialAction":[{"@type":"ReadAction","target":["https:\/\/upi.fme.vutbr.cz\/en\/education-old\/"]}]},{"@type":"BreadcrumbList","@id":"https:\/\/upi.fme.vutbr.cz\/en\/education-old\/#breadcrumb","itemListElement":[{"@type":"ListItem","position":1,"name":"Home","item":"https:\/\/upi.fme.vutbr.cz\/en\/"},{"@type":"ListItem","position":2,"name":"Education old"}]},{"@type":"WebSite","@id":"https:\/\/upi.fme.vutbr.cz\/en\/#website","url":"https:\/\/upi.fme.vutbr.cz\/en\/","name":"\u00dastav procesn\u00edho in\u017een\u00fdrstv\u00ed","description":"\u00dastav procesn\u00edho in\u017een\u00fdrstv\u00ed","potentialAction":[{"@type":"SearchAction","target":{"@type":"EntryPoint","urlTemplate":"https:\/\/upi.fme.vutbr.cz\/en\/?s={search_term_string}"},"query-input":{"@type":"PropertyValueSpecification","valueRequired":true,"valueName":"search_term_string"}}],"inLanguage":"en-US"}]}},"_links":{"self":[{"href":"https:\/\/upi.fme.vutbr.cz\/en\/wp-json\/wp\/v2\/pages\/1737","targetHints":{"allow":["GET"]}}],"collection":[{"href":"https:\/\/upi.fme.vutbr.cz\/en\/wp-json\/wp\/v2\/pages"}],"about":[{"href":"https:\/\/upi.fme.vutbr.cz\/en\/wp-json\/wp\/v2\/types\/page"}],"author":[{"embeddable":true,"href":"https:\/\/upi.fme.vutbr.cz\/en\/wp-json\/wp\/v2\/users\/1"}],"replies":[{"embeddable":true,"href":"https:\/\/upi.fme.vutbr.cz\/en\/wp-json\/wp\/v2\/comments?post=1737"}],"version-history":[{"count":2,"href":"https:\/\/upi.fme.vutbr.cz\/en\/wp-json\/wp\/v2\/pages\/1737\/revisions"}],"predecessor-version":[{"id":3602,"href":"https:\/\/upi.fme.vutbr.cz\/en\/wp-json\/wp\/v2\/pages\/1737\/revisions\/3602"}],"wp:attachment":[{"href":"https:\/\/upi.fme.vutbr.cz\/en\/wp-json\/wp\/v2\/media?parent=1737"}],"curies":[{"name":"wp","href":"https:\/\/api.w.org\/{rel}","templated":true}]}}