{"id":1731,"date":"2019-10-21T17:42:10","date_gmt":"2019-10-21T15:42:10","guid":{"rendered":"https:\/\/upi.fme.vutbr.cz\/about-the-institute\/career-destinations-of-our-graduates\/"},"modified":"2019-10-21T17:45:31","modified_gmt":"2019-10-21T15:45:31","slug":"career-destinations-of-our-graduates","status":"publish","type":"page","link":"https:\/\/upi.fme.vutbr.cz\/en\/about-the-institute\/career-destinations-of-our-graduates\/","title":{"rendered":"Career destinations of our graduates"},"content":{"rendered":"\n\t<span><span><a href=\"https:\/\/upi.fme.vutbr.cz\/en\/\">Home<\/a><\/span><\/span>\n<h1>\n\t\tCAREER DESTINATIONS OF OUR GRADUATES\n\t<\/h1>\n\t<p>Our graduates can make extensive use of their skills and knowledge acquired during their studies in many areas, such as process industry, power industry, environmental protection, municipal sphere, business,\u00a0etc.<\/p>\n<p>Graduates from master\u2019s\u00a0and doctoral study, which are programs guaranteed by the Institute of Process Engineering, are without any doubt in great demand. Career destinations of our graduates include international as well as Czech companies, large business as well as small innovative firms. Graduates are advised to discuss their career choices with the Director of the Institute or other staff members, and thus take advantage of their numerous contacts.<\/p>\n<h2>Examples of our graduates\u2019 career destinations<\/h2>\n<h3>Career areas<\/h3>\n<ul>\n<li>Environmental protection technologies (waste water treatment plants, waste treatment, waste to energy, equipment for removal of air pollutants from industrial plants and energy plants)<\/li>\n<li>Power industry and utilization of renewable energy sources (alternative fuels, biomass and phytomass, waste heat, energy production from sludge and waste\u00a0gas)<\/li>\n<li>Process industry (food industry, oil and natural gas processing, pharmaceutical industry, chemical and petrochemical industry, paper and cellulose production, biotechnologi\u00ades,\u00a0etc.)<\/li>\n<li>Consumer industry (ceramic production, building material production and processing, rubber production,\u00a0etc.)<\/li>\n<li>Municipal sphere (power systems for hospitals, businesses, municipalities, large-scale residential areas,\u00a0etc.)<\/li>\n<li>State administration<\/li>\n<\/ul>\n<h3>Agenda<\/h3>\n<ul>\n<li>Design, engineering and execution<\/li>\n<li>Revamping and modernization<\/li>\n<li>Development of software systems<\/li>\n<li>Experimental tasks, measuring of emissions<\/li>\n<li>Technologist<\/li>\n<li>Investments<\/li>\n<li>Control of processes and production<\/li>\n<li>Application of mathematical models and optimization<\/li>\n<li>Monitoring of safety and reliability<\/li>\n<li>Commercial and economic agenda<\/li>\n<li>Environmental studies, environmental protection<\/li>\n<\/ul>\n<h3>Professions<\/h3>\n<ul>\n<li>Using our experience and statistical processing of data, we have compiled a\u00a0series of professions and positions our graduates have taken, for example:<\/li>\n<li>Design engineer<\/li>\n<li>Software engineer<\/li>\n<li>Manager<\/li>\n<li>R&amp;D worker<\/li>\n<li>Mechanical engineer<\/li>\n<li>CAD engineer<\/li>\n<li>Sales representative<\/li>\n<li>Technologist<\/li>\n<li>Power engineer<\/li>\n<li>College teacher<\/li>\n<li>Researcher<\/li>\n<li>Businessman<\/li>\n<li>Representative of a\u00a0foreign company<\/li>\n<\/ul>\n\t\t\t\t\t\t\t\t\t\t<img decoding=\"async\" src=\"https:\/\/upi.fme.vutbr.cz\/wp-content\/uploads\/2019\/10\/logo_vut_fsi_en.png\" alt=\"logo_vut_fsi_en\" itemprop=\"image\"  \/>\n\t\t\t\t\t<ul id=\"menu-contact-sidebar\"><li id=\"menu-item-1699\"><a href=\"#vedeni-ustavu\">Management<\/a><\/li>\n<li id=\"menu-item-1700\"><a href=\"#sekce-energetickych-systemu\">Energy &#038; simulation research group<\/a><\/li>\n<li id=\"menu-item-1701\"><a href=\"#laborator-energeticky-narocnych-procesu\">Laboratory of energy intensive processes<\/a><\/li>\n<li id=\"menu-item-1702\"><a href=\"#sekce-navrhovani\">Heat transfer research group<\/a><\/li>\n<li id=\"menu-item-1703\"><a href=\"#sekce-termickych-procesu\">Thermal processes &#038; gas cleaning research group<\/a><\/li>\n<li id=\"menu-item-1704\"><a href=\"#sekce-vypoctoveho-modelovani\">Computational fluid dynamics (CFD) research group<\/a><\/li>\n<li id=\"menu-item-1705\"><a href=\"#konstrukce-zarizeni\">Process equipment design research group<\/a><\/li>\n<li id=\"menu-item-1706\"><a href=\"#ostatni\">Other staff<\/a><\/li>\n<\/ul>\t\n\t\t<blockquote cite=\"https:\/\/www.facebook.com\/upibrno\/\"><a href=\"https:\/\/www.facebook.com\/upibrno\/\"><\/a><\/blockquote>\n","protected":false},"excerpt":{"rendered":"<p>CAREER DESTINATIONS OF OUR GRADUATES Our graduates can make extensive use of their skills and knowledge acquired during their studies in many areas, such as process industry, power industry, environmental protection, municipal sphere, business,\u00a0etc. Graduates from master\u2019s\u00a0and doctoral study, which are programs guaranteed by the Institute of Process Engineering, are without any doubt in great&hellip;<\/p>\n","protected":false},"author":1,"featured_media":0,"parent":1716,"menu_order":0,"comment_status":"closed","ping_status":"closed","template":"","meta":{"_acf_changed":false,"footnotes":""},"class_list":["post-1731","page","type-page","status-publish","hentry"],"acf":[],"yoast_head":"<!-- This site is optimized with the Yoast SEO plugin v24.5 - https:\/\/yoast.com\/wordpress\/plugins\/seo\/ -->\n<title>Career destinations of our graduates - \u00dastav procesn\u00edho in\u017een\u00fdrstv\u00ed<\/title>\n<meta name=\"robots\" content=\"index, follow, max-snippet:-1, max-image-preview:large, max-video-preview:-1\" \/>\n<link rel=\"canonical\" href=\"https:\/\/upi.fme.vutbr.cz\/en\/about-the-institute\/career-destinations-of-our-graduates\/\" \/>\n<meta property=\"og:locale\" content=\"en_US\" \/>\n<meta property=\"og:type\" content=\"article\" \/>\n<meta property=\"og:title\" content=\"Career destinations of our graduates - \u00dastav procesn\u00edho in\u017een\u00fdrstv\u00ed\" \/>\n<meta property=\"og:description\" content=\"CAREER DESTINATIONS OF OUR GRADUATES Our graduates can make extensive use of their skills and knowledge acquired during their studies in many areas, such as process industry, power industry, environmental protection, municipal sphere, business,\u00a0etc. Graduates from master\u2019s\u00a0and doctoral study, which are programs guaranteed by the Institute of Process Engineering, are without any doubt in great&hellip;\" \/>\n<meta property=\"og:url\" content=\"https:\/\/upi.fme.vutbr.cz\/en\/about-the-institute\/career-destinations-of-our-graduates\/\" \/>\n<meta property=\"og:site_name\" content=\"\u00dastav procesn\u00edho in\u017een\u00fdrstv\u00ed\" \/>\n<meta property=\"article:modified_time\" content=\"2019-10-21T15:45:31+00:00\" \/>\n<meta property=\"og:image\" content=\"https:\/\/upi.fme.vutbr.cz\/wp-content\/uploads\/2019\/10\/logo_vut_fsi_en.png\" \/>\n<meta name=\"twitter:card\" content=\"summary_large_image\" \/>\n<meta name=\"twitter:label1\" content=\"Est. reading time\" \/>\n\t<meta name=\"twitter:data1\" content=\"2 minutes\" \/>\n<script type=\"application\/ld+json\" class=\"yoast-schema-graph\">{\"@context\":\"https:\/\/schema.org\",\"@graph\":[{\"@type\":\"WebPage\",\"@id\":\"https:\/\/upi.fme.vutbr.cz\/en\/about-the-institute\/career-destinations-of-our-graduates\/\",\"url\":\"https:\/\/upi.fme.vutbr.cz\/en\/about-the-institute\/career-destinations-of-our-graduates\/\",\"name\":\"Career destinations of our graduates - \u00dastav procesn\u00edho in\u017een\u00fdrstv\u00ed\",\"isPartOf\":{\"@id\":\"https:\/\/upi.fme.vutbr.cz\/en\/#website\"},\"primaryImageOfPage\":{\"@id\":\"https:\/\/upi.fme.vutbr.cz\/en\/about-the-institute\/career-destinations-of-our-graduates\/#primaryimage\"},\"image\":{\"@id\":\"https:\/\/upi.fme.vutbr.cz\/en\/about-the-institute\/career-destinations-of-our-graduates\/#primaryimage\"},\"thumbnailUrl\":\"https:\/\/upi.fme.vutbr.cz\/wp-content\/uploads\/2019\/10\/logo_vut_fsi_en.png\",\"datePublished\":\"2019-10-21T15:42:10+00:00\",\"dateModified\":\"2019-10-21T15:45:31+00:00\",\"breadcrumb\":{\"@id\":\"https:\/\/upi.fme.vutbr.cz\/en\/about-the-institute\/career-destinations-of-our-graduates\/#breadcrumb\"},\"inLanguage\":\"en-US\",\"potentialAction\":[{\"@type\":\"ReadAction\",\"target\":[\"https:\/\/upi.fme.vutbr.cz\/en\/about-the-institute\/career-destinations-of-our-graduates\/\"]}]},{\"@type\":\"ImageObject\",\"inLanguage\":\"en-US\",\"@id\":\"https:\/\/upi.fme.vutbr.cz\/en\/about-the-institute\/career-destinations-of-our-graduates\/#primaryimage\",\"url\":\"https:\/\/upi.fme.vutbr.cz\/wp-content\/uploads\/2019\/10\/logo_vut_fsi_en.png\",\"contentUrl\":\"https:\/\/upi.fme.vutbr.cz\/wp-content\/uploads\/2019\/10\/logo_vut_fsi_en.png\"},{\"@type\":\"BreadcrumbList\",\"@id\":\"https:\/\/upi.fme.vutbr.cz\/en\/about-the-institute\/career-destinations-of-our-graduates\/#breadcrumb\",\"itemListElement\":[{\"@type\":\"ListItem\",\"position\":1,\"name\":\"Home\",\"item\":\"https:\/\/upi.fme.vutbr.cz\/en\/\"},{\"@type\":\"ListItem\",\"position\":2,\"name\":\"About the institute\",\"item\":\"https:\/\/upi.fme.vutbr.cz\/en\/profil-ustavu\/\"},{\"@type\":\"ListItem\",\"position\":3,\"name\":\"Career destinations of our graduates\"}]},{\"@type\":\"WebSite\",\"@id\":\"https:\/\/upi.fme.vutbr.cz\/en\/#website\",\"url\":\"https:\/\/upi.fme.vutbr.cz\/en\/\",\"name\":\"\u00dastav procesn\u00edho in\u017een\u00fdrstv\u00ed\",\"description\":\"\u00dastav procesn\u00edho in\u017een\u00fdrstv\u00ed\",\"potentialAction\":[{\"@type\":\"SearchAction\",\"target\":{\"@type\":\"EntryPoint\",\"urlTemplate\":\"https:\/\/upi.fme.vutbr.cz\/en\/?s={search_term_string}\"},\"query-input\":{\"@type\":\"PropertyValueSpecification\",\"valueRequired\":true,\"valueName\":\"search_term_string\"}}],\"inLanguage\":\"en-US\"}]}<\/script>\n<!-- \/ Yoast SEO plugin. -->","yoast_head_json":{"title":"Career destinations of our graduates - \u00dastav procesn\u00edho in\u017een\u00fdrstv\u00ed","robots":{"index":"index","follow":"follow","max-snippet":"max-snippet:-1","max-image-preview":"max-image-preview:large","max-video-preview":"max-video-preview:-1"},"canonical":"https:\/\/upi.fme.vutbr.cz\/en\/about-the-institute\/career-destinations-of-our-graduates\/","og_locale":"en_US","og_type":"article","og_title":"Career destinations of our graduates - \u00dastav procesn\u00edho in\u017een\u00fdrstv\u00ed","og_description":"CAREER DESTINATIONS OF OUR GRADUATES Our graduates can make extensive use of their skills and knowledge acquired during their studies in many areas, such as process industry, power industry, environmental protection, municipal sphere, business,\u00a0etc. Graduates from master\u2019s\u00a0and doctoral study, which are programs guaranteed by the Institute of Process Engineering, are without any doubt in great&hellip;","og_url":"https:\/\/upi.fme.vutbr.cz\/en\/about-the-institute\/career-destinations-of-our-graduates\/","og_site_name":"\u00dastav procesn\u00edho in\u017een\u00fdrstv\u00ed","article_modified_time":"2019-10-21T15:45:31+00:00","og_image":[{"url":"https:\/\/upi.fme.vutbr.cz\/wp-content\/uploads\/2019\/10\/logo_vut_fsi_en.png","type":"","width":"","height":""}],"twitter_card":"summary_large_image","twitter_misc":{"Est. reading time":"2 minutes"},"schema":{"@context":"https:\/\/schema.org","@graph":[{"@type":"WebPage","@id":"https:\/\/upi.fme.vutbr.cz\/en\/about-the-institute\/career-destinations-of-our-graduates\/","url":"https:\/\/upi.fme.vutbr.cz\/en\/about-the-institute\/career-destinations-of-our-graduates\/","name":"Career destinations of our graduates - \u00dastav procesn\u00edho in\u017een\u00fdrstv\u00ed","isPartOf":{"@id":"https:\/\/upi.fme.vutbr.cz\/en\/#website"},"primaryImageOfPage":{"@id":"https:\/\/upi.fme.vutbr.cz\/en\/about-the-institute\/career-destinations-of-our-graduates\/#primaryimage"},"image":{"@id":"https:\/\/upi.fme.vutbr.cz\/en\/about-the-institute\/career-destinations-of-our-graduates\/#primaryimage"},"thumbnailUrl":"https:\/\/upi.fme.vutbr.cz\/wp-content\/uploads\/2019\/10\/logo_vut_fsi_en.png","datePublished":"2019-10-21T15:42:10+00:00","dateModified":"2019-10-21T15:45:31+00:00","breadcrumb":{"@id":"https:\/\/upi.fme.vutbr.cz\/en\/about-the-institute\/career-destinations-of-our-graduates\/#breadcrumb"},"inLanguage":"en-US","potentialAction":[{"@type":"ReadAction","target":["https:\/\/upi.fme.vutbr.cz\/en\/about-the-institute\/career-destinations-of-our-graduates\/"]}]},{"@type":"ImageObject","inLanguage":"en-US","@id":"https:\/\/upi.fme.vutbr.cz\/en\/about-the-institute\/career-destinations-of-our-graduates\/#primaryimage","url":"https:\/\/upi.fme.vutbr.cz\/wp-content\/uploads\/2019\/10\/logo_vut_fsi_en.png","contentUrl":"https:\/\/upi.fme.vutbr.cz\/wp-content\/uploads\/2019\/10\/logo_vut_fsi_en.png"},{"@type":"BreadcrumbList","@id":"https:\/\/upi.fme.vutbr.cz\/en\/about-the-institute\/career-destinations-of-our-graduates\/#breadcrumb","itemListElement":[{"@type":"ListItem","position":1,"name":"Home","item":"https:\/\/upi.fme.vutbr.cz\/en\/"},{"@type":"ListItem","position":2,"name":"About the institute","item":"https:\/\/upi.fme.vutbr.cz\/en\/profil-ustavu\/"},{"@type":"ListItem","position":3,"name":"Career destinations of our graduates"}]},{"@type":"WebSite","@id":"https:\/\/upi.fme.vutbr.cz\/en\/#website","url":"https:\/\/upi.fme.vutbr.cz\/en\/","name":"\u00dastav procesn\u00edho in\u017een\u00fdrstv\u00ed","description":"\u00dastav procesn\u00edho in\u017een\u00fdrstv\u00ed","potentialAction":[{"@type":"SearchAction","target":{"@type":"EntryPoint","urlTemplate":"https:\/\/upi.fme.vutbr.cz\/en\/?s={search_term_string}"},"query-input":{"@type":"PropertyValueSpecification","valueRequired":true,"valueName":"search_term_string"}}],"inLanguage":"en-US"}]}},"_links":{"self":[{"href":"https:\/\/upi.fme.vutbr.cz\/en\/wp-json\/wp\/v2\/pages\/1731","targetHints":{"allow":["GET"]}}],"collection":[{"href":"https:\/\/upi.fme.vutbr.cz\/en\/wp-json\/wp\/v2\/pages"}],"about":[{"href":"https:\/\/upi.fme.vutbr.cz\/en\/wp-json\/wp\/v2\/types\/page"}],"author":[{"embeddable":true,"href":"https:\/\/upi.fme.vutbr.cz\/en\/wp-json\/wp\/v2\/users\/1"}],"replies":[{"embeddable":true,"href":"https:\/\/upi.fme.vutbr.cz\/en\/wp-json\/wp\/v2\/comments?post=1731"}],"version-history":[{"count":0,"href":"https:\/\/upi.fme.vutbr.cz\/en\/wp-json\/wp\/v2\/pages\/1731\/revisions"}],"up":[{"embeddable":true,"href":"https:\/\/upi.fme.vutbr.cz\/en\/wp-json\/wp\/v2\/pages\/1716"}],"wp:attachment":[{"href":"https:\/\/upi.fme.vutbr.cz\/en\/wp-json\/wp\/v2\/media?parent=1731"}],"curies":[{"name":"wp","href":"https:\/\/api.w.org\/{rel}","templated":true}]}}