{"id":1724,"date":"2019-10-21T17:11:25","date_gmt":"2019-10-21T15:11:25","guid":{"rendered":"https:\/\/upi.fme.vutbr.cz\/about-the-institute\/process-engineering\/"},"modified":"2019-10-21T17:14:57","modified_gmt":"2019-10-21T15:14:57","slug":"process-engineering","status":"publish","type":"page","link":"https:\/\/upi.fme.vutbr.cz\/en\/about-the-institute\/process-engineering\/","title":{"rendered":"Process engineering"},"content":{"rendered":"\n\t<span><span><a href=\"https:\/\/upi.fme.vutbr.cz\/en\/\">Home<\/a><\/span><\/span>\n<h1>\n\t\tPROCESS ENGINEERING\n\t<\/h1>\n\t<p>Process engineering is a\u00a0discipline which may sound unfamiliar, but it has a\u00a0significant impact on your life. It may also influence your professional\u00a0life.<\/p>\n<h2>Why?<\/h2>\n<ul>\n<li>Process engineering is an up-and-coming, attractive discipline which gives its graduates a\u00a0wide range of career destinations.<\/li>\n<li>Graduates of process engineering have a\u00a0flexible mind set: they are able to swiftly react to the current needs of the society and market.<\/li>\n<li>Our graduates are able to prioritize within the 3E framework: environment, energy and economy.<\/li>\n<li>Moreover, our graduates have a\u00a0steady place on the market, regardless of fluctuating trends.<\/li>\n<\/ul>\n<h2>Characteristics<\/h2>\n<p>Objective: Transform the material into a\u00a0product that can be\u00a0sold.<\/p>\n<img loading=\"lazy\" decoding=\"async\" src=\"https:\/\/upi.fme.vutbr.cz\/wp-content\/uploads\/2019\/10\/schema_proces_2017_cs.png\" alt=\"\" width=\"650\" height=\"308\" \/>\n<h2>What does process engineering entail?<\/h2>\n<ul>\n<li>Design of process and apparatuses supporting the process<\/li>\n<li>Minimization of consumption of energy, waste and harmful emissions in compliance with valid environmental legislation<\/li>\n<li>Application of similar principles in various processes (for example, \u201cheat transfer\u201d mechanism occurs both in energy-producing treatment of biomass and food-processing industry)<\/li>\n<li>Process control (automation, regulation, optimization)<\/li>\n<li>Safe and reliable process management<\/li>\n<li>Design of process equipment based on utilization of experiment\u2019s\u00a0re\u00adsults, computational support and feedback from actual operations<\/li>\n<li>Economic aspects including price, investment costs, operating costs and total\u00a0costs<\/li>\n<\/ul>\n<h2>Process engineering, a\u00a0discipline indispensable to everyday\u00a0life<\/h2>\n<ul>\n<li>Process engineering is responsible, among others, for:<\/li>\n<li>Food and beverages<\/li>\n<li>Petrol and diesel<\/li>\n<li>Paper<\/li>\n<li>Medicaments<\/li>\n<li>Energy<\/li>\n<li>Clean air<\/li>\n<li>Waste treatment<\/li>\n<li>And we could go on and on.<\/li>\n<\/ul>\n\t\t\t\t\t\t\t\t\t\t<img decoding=\"async\" src=\"https:\/\/upi.fme.vutbr.cz\/wp-content\/uploads\/2019\/10\/logo_vut_fsi_en.png\" alt=\"logo_vut_fsi_en\" itemprop=\"image\"  \/>\n\t\t\t\t\t<ul id=\"menu-contact-sidebar\"><li id=\"menu-item-1699\"><a href=\"#vedeni-ustavu\">Management<\/a><\/li>\n<li id=\"menu-item-1700\"><a href=\"#sekce-energetickych-systemu\">Energy &#038; simulation research group<\/a><\/li>\n<li id=\"menu-item-1701\"><a href=\"#laborator-energeticky-narocnych-procesu\">Laboratory of energy intensive processes<\/a><\/li>\n<li id=\"menu-item-1702\"><a href=\"#sekce-navrhovani\">Heat transfer research group<\/a><\/li>\n<li id=\"menu-item-1703\"><a href=\"#sekce-termickych-procesu\">Thermal processes &#038; gas cleaning research group<\/a><\/li>\n<li id=\"menu-item-1704\"><a href=\"#sekce-vypoctoveho-modelovani\">Computational fluid dynamics (CFD) research group<\/a><\/li>\n<li id=\"menu-item-1705\"><a href=\"#konstrukce-zarizeni\">Process equipment design research group<\/a><\/li>\n<li id=\"menu-item-1706\"><a href=\"#ostatni\">Other staff<\/a><\/li>\n<\/ul>\t\n\t\t<blockquote cite=\"https:\/\/www.facebook.com\/upibrno\/\"><a href=\"https:\/\/www.facebook.com\/upibrno\/\"><\/a><\/blockquote>\n","protected":false},"excerpt":{"rendered":"<p>PROCESS ENGINEERING Process engineering is a\u00a0discipline which may sound unfamiliar, but it has a\u00a0significant impact on your life. It may also influence your professional\u00a0life. Why? Process engineering is an up-and-coming, attractive discipline which gives its graduates a\u00a0wide range of career destinations. Graduates of process engineering have a\u00a0flexible mind set: they are able to swiftly react&hellip;<\/p>\n","protected":false},"author":1,"featured_media":0,"parent":1716,"menu_order":0,"comment_status":"closed","ping_status":"closed","template":"","meta":{"_acf_changed":false,"footnotes":""},"class_list":["post-1724","page","type-page","status-publish","hentry"],"acf":[],"yoast_head":"<!-- This site is optimized with the Yoast SEO plugin v24.5 - https:\/\/yoast.com\/wordpress\/plugins\/seo\/ -->\n<title>Process engineering - \u00dastav procesn\u00edho in\u017een\u00fdrstv\u00ed<\/title>\n<meta name=\"robots\" content=\"index, follow, max-snippet:-1, max-image-preview:large, max-video-preview:-1\" \/>\n<link rel=\"canonical\" href=\"https:\/\/upi.fme.vutbr.cz\/en\/about-the-institute\/process-engineering\/\" \/>\n<meta property=\"og:locale\" content=\"en_US\" \/>\n<meta property=\"og:type\" content=\"article\" \/>\n<meta property=\"og:title\" content=\"Process engineering - \u00dastav procesn\u00edho in\u017een\u00fdrstv\u00ed\" \/>\n<meta property=\"og:description\" content=\"PROCESS ENGINEERING Process engineering is a\u00a0discipline which may sound unfamiliar, but it has a\u00a0significant impact on your life. It may also influence your professional\u00a0life. Why? Process engineering is an up-and-coming, attractive discipline which gives its graduates a\u00a0wide range of career destinations. Graduates of process engineering have a\u00a0flexible mind set: they are able to swiftly react&hellip;\" \/>\n<meta property=\"og:url\" content=\"https:\/\/upi.fme.vutbr.cz\/en\/about-the-institute\/process-engineering\/\" \/>\n<meta property=\"og:site_name\" content=\"\u00dastav procesn\u00edho in\u017een\u00fdrstv\u00ed\" \/>\n<meta property=\"article:modified_time\" content=\"2019-10-21T15:14:57+00:00\" \/>\n<meta property=\"og:image\" content=\"https:\/\/upi.fme.vutbr.cz\/wp-content\/uploads\/2019\/10\/schema_proces_2017_cs.png\" \/>\n<meta name=\"twitter:card\" content=\"summary_large_image\" \/>\n<meta name=\"twitter:label1\" content=\"Est. reading time\" \/>\n\t<meta name=\"twitter:data1\" content=\"1 minute\" \/>\n<script type=\"application\/ld+json\" class=\"yoast-schema-graph\">{\"@context\":\"https:\/\/schema.org\",\"@graph\":[{\"@type\":\"WebPage\",\"@id\":\"https:\/\/upi.fme.vutbr.cz\/en\/about-the-institute\/process-engineering\/\",\"url\":\"https:\/\/upi.fme.vutbr.cz\/en\/about-the-institute\/process-engineering\/\",\"name\":\"Process engineering - \u00dastav procesn\u00edho in\u017een\u00fdrstv\u00ed\",\"isPartOf\":{\"@id\":\"https:\/\/upi.fme.vutbr.cz\/en\/#website\"},\"primaryImageOfPage\":{\"@id\":\"https:\/\/upi.fme.vutbr.cz\/en\/about-the-institute\/process-engineering\/#primaryimage\"},\"image\":{\"@id\":\"https:\/\/upi.fme.vutbr.cz\/en\/about-the-institute\/process-engineering\/#primaryimage\"},\"thumbnailUrl\":\"https:\/\/upi.fme.vutbr.cz\/wp-content\/uploads\/2019\/10\/schema_proces_2017_cs.png\",\"datePublished\":\"2019-10-21T15:11:25+00:00\",\"dateModified\":\"2019-10-21T15:14:57+00:00\",\"breadcrumb\":{\"@id\":\"https:\/\/upi.fme.vutbr.cz\/en\/about-the-institute\/process-engineering\/#breadcrumb\"},\"inLanguage\":\"en-US\",\"potentialAction\":[{\"@type\":\"ReadAction\",\"target\":[\"https:\/\/upi.fme.vutbr.cz\/en\/about-the-institute\/process-engineering\/\"]}]},{\"@type\":\"ImageObject\",\"inLanguage\":\"en-US\",\"@id\":\"https:\/\/upi.fme.vutbr.cz\/en\/about-the-institute\/process-engineering\/#primaryimage\",\"url\":\"https:\/\/upi.fme.vutbr.cz\/wp-content\/uploads\/2019\/10\/schema_proces_2017_cs.png\",\"contentUrl\":\"https:\/\/upi.fme.vutbr.cz\/wp-content\/uploads\/2019\/10\/schema_proces_2017_cs.png\"},{\"@type\":\"BreadcrumbList\",\"@id\":\"https:\/\/upi.fme.vutbr.cz\/en\/about-the-institute\/process-engineering\/#breadcrumb\",\"itemListElement\":[{\"@type\":\"ListItem\",\"position\":1,\"name\":\"Home\",\"item\":\"https:\/\/upi.fme.vutbr.cz\/en\/\"},{\"@type\":\"ListItem\",\"position\":2,\"name\":\"About the institute\",\"item\":\"https:\/\/upi.fme.vutbr.cz\/en\/profil-ustavu\/\"},{\"@type\":\"ListItem\",\"position\":3,\"name\":\"Process engineering\"}]},{\"@type\":\"WebSite\",\"@id\":\"https:\/\/upi.fme.vutbr.cz\/en\/#website\",\"url\":\"https:\/\/upi.fme.vutbr.cz\/en\/\",\"name\":\"\u00dastav procesn\u00edho in\u017een\u00fdrstv\u00ed\",\"description\":\"\u00dastav procesn\u00edho in\u017een\u00fdrstv\u00ed\",\"potentialAction\":[{\"@type\":\"SearchAction\",\"target\":{\"@type\":\"EntryPoint\",\"urlTemplate\":\"https:\/\/upi.fme.vutbr.cz\/en\/?s={search_term_string}\"},\"query-input\":{\"@type\":\"PropertyValueSpecification\",\"valueRequired\":true,\"valueName\":\"search_term_string\"}}],\"inLanguage\":\"en-US\"}]}<\/script>\n<!-- \/ Yoast SEO plugin. -->","yoast_head_json":{"title":"Process engineering - \u00dastav procesn\u00edho in\u017een\u00fdrstv\u00ed","robots":{"index":"index","follow":"follow","max-snippet":"max-snippet:-1","max-image-preview":"max-image-preview:large","max-video-preview":"max-video-preview:-1"},"canonical":"https:\/\/upi.fme.vutbr.cz\/en\/about-the-institute\/process-engineering\/","og_locale":"en_US","og_type":"article","og_title":"Process engineering - \u00dastav procesn\u00edho in\u017een\u00fdrstv\u00ed","og_description":"PROCESS ENGINEERING Process engineering is a\u00a0discipline which may sound unfamiliar, but it has a\u00a0significant impact on your life. It may also influence your professional\u00a0life. Why? Process engineering is an up-and-coming, attractive discipline which gives its graduates a\u00a0wide range of career destinations. Graduates of process engineering have a\u00a0flexible mind set: they are able to swiftly react&hellip;","og_url":"https:\/\/upi.fme.vutbr.cz\/en\/about-the-institute\/process-engineering\/","og_site_name":"\u00dastav procesn\u00edho in\u017een\u00fdrstv\u00ed","article_modified_time":"2019-10-21T15:14:57+00:00","og_image":[{"url":"https:\/\/upi.fme.vutbr.cz\/wp-content\/uploads\/2019\/10\/schema_proces_2017_cs.png","type":"","width":"","height":""}],"twitter_card":"summary_large_image","twitter_misc":{"Est. reading time":"1 minute"},"schema":{"@context":"https:\/\/schema.org","@graph":[{"@type":"WebPage","@id":"https:\/\/upi.fme.vutbr.cz\/en\/about-the-institute\/process-engineering\/","url":"https:\/\/upi.fme.vutbr.cz\/en\/about-the-institute\/process-engineering\/","name":"Process engineering - \u00dastav procesn\u00edho in\u017een\u00fdrstv\u00ed","isPartOf":{"@id":"https:\/\/upi.fme.vutbr.cz\/en\/#website"},"primaryImageOfPage":{"@id":"https:\/\/upi.fme.vutbr.cz\/en\/about-the-institute\/process-engineering\/#primaryimage"},"image":{"@id":"https:\/\/upi.fme.vutbr.cz\/en\/about-the-institute\/process-engineering\/#primaryimage"},"thumbnailUrl":"https:\/\/upi.fme.vutbr.cz\/wp-content\/uploads\/2019\/10\/schema_proces_2017_cs.png","datePublished":"2019-10-21T15:11:25+00:00","dateModified":"2019-10-21T15:14:57+00:00","breadcrumb":{"@id":"https:\/\/upi.fme.vutbr.cz\/en\/about-the-institute\/process-engineering\/#breadcrumb"},"inLanguage":"en-US","potentialAction":[{"@type":"ReadAction","target":["https:\/\/upi.fme.vutbr.cz\/en\/about-the-institute\/process-engineering\/"]}]},{"@type":"ImageObject","inLanguage":"en-US","@id":"https:\/\/upi.fme.vutbr.cz\/en\/about-the-institute\/process-engineering\/#primaryimage","url":"https:\/\/upi.fme.vutbr.cz\/wp-content\/uploads\/2019\/10\/schema_proces_2017_cs.png","contentUrl":"https:\/\/upi.fme.vutbr.cz\/wp-content\/uploads\/2019\/10\/schema_proces_2017_cs.png"},{"@type":"BreadcrumbList","@id":"https:\/\/upi.fme.vutbr.cz\/en\/about-the-institute\/process-engineering\/#breadcrumb","itemListElement":[{"@type":"ListItem","position":1,"name":"Home","item":"https:\/\/upi.fme.vutbr.cz\/en\/"},{"@type":"ListItem","position":2,"name":"About the institute","item":"https:\/\/upi.fme.vutbr.cz\/en\/profil-ustavu\/"},{"@type":"ListItem","position":3,"name":"Process engineering"}]},{"@type":"WebSite","@id":"https:\/\/upi.fme.vutbr.cz\/en\/#website","url":"https:\/\/upi.fme.vutbr.cz\/en\/","name":"\u00dastav procesn\u00edho in\u017een\u00fdrstv\u00ed","description":"\u00dastav procesn\u00edho in\u017een\u00fdrstv\u00ed","potentialAction":[{"@type":"SearchAction","target":{"@type":"EntryPoint","urlTemplate":"https:\/\/upi.fme.vutbr.cz\/en\/?s={search_term_string}"},"query-input":{"@type":"PropertyValueSpecification","valueRequired":true,"valueName":"search_term_string"}}],"inLanguage":"en-US"}]}},"_links":{"self":[{"href":"https:\/\/upi.fme.vutbr.cz\/en\/wp-json\/wp\/v2\/pages\/1724","targetHints":{"allow":["GET"]}}],"collection":[{"href":"https:\/\/upi.fme.vutbr.cz\/en\/wp-json\/wp\/v2\/pages"}],"about":[{"href":"https:\/\/upi.fme.vutbr.cz\/en\/wp-json\/wp\/v2\/types\/page"}],"author":[{"embeddable":true,"href":"https:\/\/upi.fme.vutbr.cz\/en\/wp-json\/wp\/v2\/users\/1"}],"replies":[{"embeddable":true,"href":"https:\/\/upi.fme.vutbr.cz\/en\/wp-json\/wp\/v2\/comments?post=1724"}],"version-history":[{"count":0,"href":"https:\/\/upi.fme.vutbr.cz\/en\/wp-json\/wp\/v2\/pages\/1724\/revisions"}],"up":[{"embeddable":true,"href":"https:\/\/upi.fme.vutbr.cz\/en\/wp-json\/wp\/v2\/pages\/1716"}],"wp:attachment":[{"href":"https:\/\/upi.fme.vutbr.cz\/en\/wp-json\/wp\/v2\/media?parent=1724"}],"curies":[{"name":"wp","href":"https:\/\/api.w.org\/{rel}","templated":true}]}}