{"id":1716,"date":"2019-10-21T16:57:26","date_gmt":"2019-10-21T14:57:26","guid":{"rendered":"https:\/\/upi.fme.vutbr.cz\/about-the-institute\/"},"modified":"2019-10-21T17:00:14","modified_gmt":"2019-10-21T15:00:14","slug":"about-the-institute","status":"publish","type":"page","link":"https:\/\/upi.fme.vutbr.cz\/en\/about-the-institute\/","title":{"rendered":"About the institute"},"content":{"rendered":"\n\t<span><span><a href=\"https:\/\/upi.fme.vutbr.cz\/en\/\">Home<\/a><\/span><\/span>\n<h1>\n\t\tABOUT THE INSTITUTE\n\t<\/h1>\n\t<h2>Institute and research agenda<\/h2>\n<ul>\n<li>We are a\u00a0renowned and modern workplace, respected both in the Czech Republic as well as in Europe and worldwide<\/li>\n<li>We employ conventional elements of the discipline together with novel, advanced aspects to provide education which satisfies current needs of the industry, municipalities, research and development as well as needs of society and requirements placed on our graduates.<\/li>\n<li>Each member of our staff has an assigned place and tasks so that we can make the most out of their expertise and skills to promote development of the Institute and to transfer knowledge to the students.<\/li>\n<\/ul>\n<h2>Past, present and future<\/h2>\n<ul>\n<li>1960: establishment of the Institute<\/li>\n<li>1991: Department of Process Engineering<\/li>\n<li>1995: Institute of Process and Environmental Engineering\u00a0(IPEE)<\/li>\n<li>2009: NETME Centre was conceived and later executed at the IPEE (<a href=\"http:\/\/www.netme.cz\/\">www.netme.cz<\/a>)<\/li>\n<li>2016: Institute of Process Engineering (IPE) (environmental protection is an integral part of process engineering)<\/li>\n<li>Presence: IPE is among the world leading institutes in the\u00a0field<\/li>\n<li>Future: IPE will represent one of the keystones for process engineering and power engineering in Europe.<\/li>\n<\/ul>\n<h2>Activities of the Institute<\/h2>\n<p>Research interests evolved naturally from long-term professional and pedagogical activities. Research activities of particular research groups are interrelated, which helps us provide flexible technical solutions to everyday\u00a0tasks.<\/p>\n\t\t\t\t\t\t\t\t\t\t<img decoding=\"async\" src=\"https:\/\/upi.fme.vutbr.cz\/wp-content\/uploads\/2019\/10\/logo_vut_fsi_en.png\" alt=\"logo_vut_fsi_en\" itemprop=\"image\"  \/>\n\t\t\t\t\t<ul id=\"menu-contact-sidebar\"><li id=\"menu-item-1699\"><a href=\"#vedeni-ustavu\">Management<\/a><\/li>\n<li id=\"menu-item-1700\"><a href=\"#sekce-energetickych-systemu\">Energy &#038; simulation research group<\/a><\/li>\n<li id=\"menu-item-1701\"><a href=\"#laborator-energeticky-narocnych-procesu\">Laboratory of energy intensive processes<\/a><\/li>\n<li id=\"menu-item-1702\"><a href=\"#sekce-navrhovani\">Heat transfer research group<\/a><\/li>\n<li id=\"menu-item-1703\"><a href=\"#sekce-termickych-procesu\">Thermal processes &#038; gas cleaning research group<\/a><\/li>\n<li id=\"menu-item-1704\"><a href=\"#sekce-vypoctoveho-modelovani\">Computational fluid dynamics (CFD) research group<\/a><\/li>\n<li id=\"menu-item-1705\"><a href=\"#konstrukce-zarizeni\">Process equipment design research group<\/a><\/li>\n<li id=\"menu-item-1706\"><a href=\"#ostatni\">Other staff<\/a><\/li>\n<\/ul>\t\n\t\t<blockquote cite=\"https:\/\/www.facebook.com\/upibrno\/\"><a href=\"https:\/\/www.facebook.com\/upibrno\/\"><\/a><\/blockquote>\n","protected":false},"excerpt":{"rendered":"<p>ABOUT THE INSTITUTE Institute and research agenda We are a\u00a0renowned and modern workplace, respected both in the Czech Republic as well as in Europe and worldwide We employ conventional elements of the discipline together with novel, advanced aspects to provide education which satisfies current needs of the industry, municipalities, research and development as well as&hellip;<\/p>\n","protected":false},"author":1,"featured_media":0,"parent":0,"menu_order":0,"comment_status":"closed","ping_status":"closed","template":"","meta":{"_acf_changed":false,"footnotes":""},"class_list":["post-1716","page","type-page","status-publish","hentry"],"acf":[],"yoast_head":"<!-- This site is optimized with the Yoast SEO plugin v24.5 - https:\/\/yoast.com\/wordpress\/plugins\/seo\/ -->\n<title>About the institute - \u00dastav procesn\u00edho in\u017een\u00fdrstv\u00ed<\/title>\n<meta name=\"robots\" content=\"index, follow, max-snippet:-1, max-image-preview:large, max-video-preview:-1\" \/>\n<link rel=\"canonical\" href=\"https:\/\/upi.fme.vutbr.cz\/en\/about-the-institute\/\" \/>\n<meta property=\"og:locale\" content=\"en_US\" \/>\n<meta property=\"og:type\" content=\"article\" \/>\n<meta property=\"og:title\" content=\"About the institute - \u00dastav procesn\u00edho in\u017een\u00fdrstv\u00ed\" \/>\n<meta property=\"og:description\" content=\"ABOUT THE INSTITUTE Institute and research agenda We are a\u00a0renowned and modern workplace, respected both in the Czech Republic as well as in Europe and worldwide We employ conventional elements of the discipline together with novel, advanced aspects to provide education which satisfies current needs of the industry, municipalities, research and development as well as&hellip;\" \/>\n<meta property=\"og:url\" content=\"https:\/\/upi.fme.vutbr.cz\/en\/about-the-institute\/\" \/>\n<meta property=\"og:site_name\" content=\"\u00dastav procesn\u00edho in\u017een\u00fdrstv\u00ed\" \/>\n<meta property=\"article:modified_time\" content=\"2019-10-21T15:00:14+00:00\" \/>\n<meta property=\"og:image\" content=\"https:\/\/upi.fme.vutbr.cz\/wp-content\/uploads\/2019\/10\/logo_vut_fsi_en.png\" \/>\n<meta name=\"twitter:card\" content=\"summary_large_image\" \/>\n<meta name=\"twitter:label1\" content=\"Est. reading time\" \/>\n\t<meta name=\"twitter:data1\" content=\"1 minute\" \/>\n<script type=\"application\/ld+json\" class=\"yoast-schema-graph\">{\"@context\":\"https:\/\/schema.org\",\"@graph\":[{\"@type\":\"WebPage\",\"@id\":\"https:\/\/upi.fme.vutbr.cz\/en\/about-the-institute\/\",\"url\":\"https:\/\/upi.fme.vutbr.cz\/en\/about-the-institute\/\",\"name\":\"About the institute - \u00dastav procesn\u00edho in\u017een\u00fdrstv\u00ed\",\"isPartOf\":{\"@id\":\"https:\/\/upi.fme.vutbr.cz\/en\/#website\"},\"primaryImageOfPage\":{\"@id\":\"https:\/\/upi.fme.vutbr.cz\/en\/about-the-institute\/#primaryimage\"},\"image\":{\"@id\":\"https:\/\/upi.fme.vutbr.cz\/en\/about-the-institute\/#primaryimage\"},\"thumbnailUrl\":\"https:\/\/upi.fme.vutbr.cz\/wp-content\/uploads\/2019\/10\/logo_vut_fsi_en.png\",\"datePublished\":\"2019-10-21T14:57:26+00:00\",\"dateModified\":\"2019-10-21T15:00:14+00:00\",\"breadcrumb\":{\"@id\":\"https:\/\/upi.fme.vutbr.cz\/en\/about-the-institute\/#breadcrumb\"},\"inLanguage\":\"en-US\",\"potentialAction\":[{\"@type\":\"ReadAction\",\"target\":[\"https:\/\/upi.fme.vutbr.cz\/en\/about-the-institute\/\"]}]},{\"@type\":\"ImageObject\",\"inLanguage\":\"en-US\",\"@id\":\"https:\/\/upi.fme.vutbr.cz\/en\/about-the-institute\/#primaryimage\",\"url\":\"https:\/\/upi.fme.vutbr.cz\/wp-content\/uploads\/2019\/10\/logo_vut_fsi_en.png\",\"contentUrl\":\"https:\/\/upi.fme.vutbr.cz\/wp-content\/uploads\/2019\/10\/logo_vut_fsi_en.png\"},{\"@type\":\"BreadcrumbList\",\"@id\":\"https:\/\/upi.fme.vutbr.cz\/en\/about-the-institute\/#breadcrumb\",\"itemListElement\":[{\"@type\":\"ListItem\",\"position\":1,\"name\":\"Home\",\"item\":\"https:\/\/upi.fme.vutbr.cz\/en\/\"},{\"@type\":\"ListItem\",\"position\":2,\"name\":\"About the institute\"}]},{\"@type\":\"WebSite\",\"@id\":\"https:\/\/upi.fme.vutbr.cz\/en\/#website\",\"url\":\"https:\/\/upi.fme.vutbr.cz\/en\/\",\"name\":\"\u00dastav procesn\u00edho in\u017een\u00fdrstv\u00ed\",\"description\":\"\u00dastav procesn\u00edho in\u017een\u00fdrstv\u00ed\",\"potentialAction\":[{\"@type\":\"SearchAction\",\"target\":{\"@type\":\"EntryPoint\",\"urlTemplate\":\"https:\/\/upi.fme.vutbr.cz\/en\/?s={search_term_string}\"},\"query-input\":{\"@type\":\"PropertyValueSpecification\",\"valueRequired\":true,\"valueName\":\"search_term_string\"}}],\"inLanguage\":\"en-US\"}]}<\/script>\n<!-- \/ Yoast SEO plugin. -->","yoast_head_json":{"title":"About the institute - \u00dastav procesn\u00edho in\u017een\u00fdrstv\u00ed","robots":{"index":"index","follow":"follow","max-snippet":"max-snippet:-1","max-image-preview":"max-image-preview:large","max-video-preview":"max-video-preview:-1"},"canonical":"https:\/\/upi.fme.vutbr.cz\/en\/about-the-institute\/","og_locale":"en_US","og_type":"article","og_title":"About the institute - \u00dastav procesn\u00edho in\u017een\u00fdrstv\u00ed","og_description":"ABOUT THE INSTITUTE Institute and research agenda We are a\u00a0renowned and modern workplace, respected both in the Czech Republic as well as in Europe and worldwide We employ conventional elements of the discipline together with novel, advanced aspects to provide education which satisfies current needs of the industry, municipalities, research and development as well as&hellip;","og_url":"https:\/\/upi.fme.vutbr.cz\/en\/about-the-institute\/","og_site_name":"\u00dastav procesn\u00edho in\u017een\u00fdrstv\u00ed","article_modified_time":"2019-10-21T15:00:14+00:00","og_image":[{"url":"https:\/\/upi.fme.vutbr.cz\/wp-content\/uploads\/2019\/10\/logo_vut_fsi_en.png","type":"","width":"","height":""}],"twitter_card":"summary_large_image","twitter_misc":{"Est. reading time":"1 minute"},"schema":{"@context":"https:\/\/schema.org","@graph":[{"@type":"WebPage","@id":"https:\/\/upi.fme.vutbr.cz\/en\/about-the-institute\/","url":"https:\/\/upi.fme.vutbr.cz\/en\/about-the-institute\/","name":"About the institute - \u00dastav procesn\u00edho in\u017een\u00fdrstv\u00ed","isPartOf":{"@id":"https:\/\/upi.fme.vutbr.cz\/en\/#website"},"primaryImageOfPage":{"@id":"https:\/\/upi.fme.vutbr.cz\/en\/about-the-institute\/#primaryimage"},"image":{"@id":"https:\/\/upi.fme.vutbr.cz\/en\/about-the-institute\/#primaryimage"},"thumbnailUrl":"https:\/\/upi.fme.vutbr.cz\/wp-content\/uploads\/2019\/10\/logo_vut_fsi_en.png","datePublished":"2019-10-21T14:57:26+00:00","dateModified":"2019-10-21T15:00:14+00:00","breadcrumb":{"@id":"https:\/\/upi.fme.vutbr.cz\/en\/about-the-institute\/#breadcrumb"},"inLanguage":"en-US","potentialAction":[{"@type":"ReadAction","target":["https:\/\/upi.fme.vutbr.cz\/en\/about-the-institute\/"]}]},{"@type":"ImageObject","inLanguage":"en-US","@id":"https:\/\/upi.fme.vutbr.cz\/en\/about-the-institute\/#primaryimage","url":"https:\/\/upi.fme.vutbr.cz\/wp-content\/uploads\/2019\/10\/logo_vut_fsi_en.png","contentUrl":"https:\/\/upi.fme.vutbr.cz\/wp-content\/uploads\/2019\/10\/logo_vut_fsi_en.png"},{"@type":"BreadcrumbList","@id":"https:\/\/upi.fme.vutbr.cz\/en\/about-the-institute\/#breadcrumb","itemListElement":[{"@type":"ListItem","position":1,"name":"Home","item":"https:\/\/upi.fme.vutbr.cz\/en\/"},{"@type":"ListItem","position":2,"name":"About the institute"}]},{"@type":"WebSite","@id":"https:\/\/upi.fme.vutbr.cz\/en\/#website","url":"https:\/\/upi.fme.vutbr.cz\/en\/","name":"\u00dastav procesn\u00edho in\u017een\u00fdrstv\u00ed","description":"\u00dastav procesn\u00edho in\u017een\u00fdrstv\u00ed","potentialAction":[{"@type":"SearchAction","target":{"@type":"EntryPoint","urlTemplate":"https:\/\/upi.fme.vutbr.cz\/en\/?s={search_term_string}"},"query-input":{"@type":"PropertyValueSpecification","valueRequired":true,"valueName":"search_term_string"}}],"inLanguage":"en-US"}]}},"_links":{"self":[{"href":"https:\/\/upi.fme.vutbr.cz\/en\/wp-json\/wp\/v2\/pages\/1716","targetHints":{"allow":["GET"]}}],"collection":[{"href":"https:\/\/upi.fme.vutbr.cz\/en\/wp-json\/wp\/v2\/pages"}],"about":[{"href":"https:\/\/upi.fme.vutbr.cz\/en\/wp-json\/wp\/v2\/types\/page"}],"author":[{"embeddable":true,"href":"https:\/\/upi.fme.vutbr.cz\/en\/wp-json\/wp\/v2\/users\/1"}],"replies":[{"embeddable":true,"href":"https:\/\/upi.fme.vutbr.cz\/en\/wp-json\/wp\/v2\/comments?post=1716"}],"version-history":[{"count":0,"href":"https:\/\/upi.fme.vutbr.cz\/en\/wp-json\/wp\/v2\/pages\/1716\/revisions"}],"wp:attachment":[{"href":"https:\/\/upi.fme.vutbr.cz\/en\/wp-json\/wp\/v2\/media?parent=1716"}],"curies":[{"name":"wp","href":"https:\/\/api.w.org\/{rel}","templated":true}]}}